{"id":1050,"date":"2023-01-25T21:18:44","date_gmt":"2023-01-25T21:18:44","guid":{"rendered":"https:\/\/www.periferiq.com\/?page_id=1050"},"modified":"2025-07-29T17:22:07","modified_gmt":"2025-07-29T11:22:07","slug":"sistemas_de_enfriamiento","status":"publish","type":"page","link":"https:\/\/www.periferiq.com\/en\/sistemas_de_enfriamiento\/","title":{"rendered":"Sistemas de Enfriamiento"},"content":{"rendered":"<div class=\"stripe stripe-style-1 bg-fixed\" style=\"background-color: #ffffff;background-position: top;background-repeat: no-repeat;background-attachment: fixed;background-size: cover;padding-top: 0px;padding-bottom: 0px;margin-top: 0px;margin-bottom: 0px\"><div class=\"vc_row wpb_row vc_row-fluid\" style=\"\"><div class=\"wpb_animate_when_almost_visible wpb_fadeIn fadeIn wpb_column vc_column_container vc_col-sm-12\"><div class=\"vc_column-inner\"><div class=\"wpb_wrapper\">\n\t\t\t<!-- START Climas 2025 REVOLUTION SLIDER 6.5.19 --><p class=\"rs-p-wp-fix\"><\/p>\n\t\t\t<rs-module-wrap id=\"rev_slider_15_1_wrapper\" data-source=\"gallery\" style=\"visibility:hidden;background:transparent;padding:0;margin:0px auto;margin-top:0;margin-bottom:0;\">\n\t\t\t\t<rs-module id=\"rev_slider_15_1\" style=\"\" data-version=\"6.5.19\">\n\t\t\t\t\t<rs-slides>\n\t\t\t\t\t\t<rs-slide style=\"position: absolute;\" data-key=\"rs-48\" data-title=\"Slide\" data-anim=\"ms:10;\" data-in=\"o:1;\" data-out=\"a:false;\">\n\t\t\t\t\t\t\t<img loading=\"lazy\" decoding=\"async\" src=\"\/\/www.periferiq.com\/wp-content\/plugins\/revslider\/public\/assets\/assets\/dummy.png\" alt=\"\" title=\"Banner_3\" width=\"1536\" height=\"557\" class=\"rev-slidebg tp-rs-img rs-lazyload\" data-lazyload=\"\/\/www.periferiq.com\/wp-content\/uploads\/2025\/07\/Banner_3.jpg\" data-no-retina>\n\t\t\t\t\t\t\t<rs-bgvideo \n\t\t\t\t\t\t\t\tdata-video=\"w:100%;h:100%;nse:false;l:true;ptimer:false;vfc:true;\"\n\t\t\t\t\t\t\t\tdata-mp4=\"\/\/www.periferiq.com\/wp-content\/uploads\/2025\/07\/Banner_3.jpg\"\n\t\t\t\t\t\t\t><\/rs-bgvideo>\n<!--\n\t\t\t\t\t\t\t--><rs-layer\n\t\t\t\t\t\t\t\tid=\"slider-15-slide-48-layer-0\" \n\t\t\t\t\t\t\t\tdata-type=\"image\"\n\t\t\t\t\t\t\t\tdata-rsp_ch=\"on\"\n\t\t\t\t\t\t\t\tdata-xy=\"xo:248px,204px,154px,-123px;yo:130px,107px,81px,-14px;\"\n\t\t\t\t\t\t\t\tdata-text=\"w:normal;s:20,16,12,7;l:0,20,15,9;\"\n\t\t\t\t\t\t\t\tdata-dim=\"w:300px,247px,187px,1456px;h:180px,148px,112px,528px;\"\n\t\t\t\t\t\t\t\tdata-vbility=\"f,f,f,t\"\n\t\t\t\t\t\t\t\tdata-frame_999=\"o:0;st:w;\"\n\t\t\t\t\t\t\t\tstyle=\"z-index:9;\"\n\t\t\t\t\t\t\t><img loading=\"lazy\" decoding=\"async\" src=\"\/\/www.periferiq.com\/wp-content\/plugins\/revslider\/public\/assets\/assets\/dummy.png\" alt=\"\" class=\"tp-rs-img rs-lazyload\" width=\"1536\" height=\"557\" data-lazyload=\"\/\/www.periferiq.com\/wp-content\/uploads\/2025\/07\/Banner-Blog-Climas-2.jpg\" data-no-retina> \n\t\t\t\t\t\t\t<\/rs-layer><!--\n\n\t\t\t\t\t\t\t--><rs-layer\n\t\t\t\t\t\t\t\tid=\"slider-15-slide-48-layer-1\" \n\t\t\t\t\t\t\t\tdata-type=\"text\"\n\t\t\t\t\t\t\t\tdata-rsp_ch=\"on\"\n\t\t\t\t\t\t\t\tdata-xy=\"xo:483px,398px,302px,186px;yo:106px,87px,66px,40px;\"\n\t\t\t\t\t\t\t\tdata-text=\"w:normal;s:46,37,28,17;l:58,47,35,21;fw:600;\"\n\t\t\t\t\t\t\t\tdata-vbility=\"f,f,f,t\"\n\t\t\t\t\t\t\t\tdata-frame_999=\"o:0;st:w;\"\n\t\t\t\t\t\t\t\tstyle=\"z-index:10;font-family:'Poppins';\"\n\t\t\t\t\t\t\t>SISTEMA DE ENFRIAMIENTO \n\t\t\t\t\t\t\t<\/rs-layer><!--\n\n\t\t\t\t\t\t\t--><rs-layer\n\t\t\t\t\t\t\t\tid=\"slider-15-slide-48-layer-2\" \n\t\t\t\t\t\t\t\tdata-type=\"text\"\n\t\t\t\t\t\t\t\tdata-rsp_ch=\"on\"\n\t\t\t\t\t\t\t\tdata-xy=\"xo:541px,446px,338px,208px;yo:174px,143px,108px,66px;\"\n\t\t\t\t\t\t\t\tdata-text=\"w:normal;s:35,28,21,12;l:44,36,27,16;fw:300;\"\n\t\t\t\t\t\t\t\tdata-vbility=\"f,f,f,t\"\n\t\t\t\t\t\t\t\tdata-frame_999=\"o:0;st:w;\"\n\t\t\t\t\t\t\t\tstyle=\"z-index:11;font-family:'Poppins';\"\n\t\t\t\t\t\t\t>PARA GABINETES EL\u00c9CTRICOS \n\t\t\t\t\t\t\t<\/rs-layer><!--\n\n\t\t\t\t\t\t\t--><rs-layer\n\t\t\t\t\t\t\t\tid=\"slider-15-slide-48-layer-3\" \n\t\t\t\t\t\t\t\tdata-type=\"image\"\n\t\t\t\t\t\t\t\tdata-rsp_ch=\"on\"\n\t\t\t\t\t\t\t\tdata-xy=\"xo:638px,526px,399px,246px;yo:259px,213px,161px,99px;\"\n\t\t\t\t\t\t\t\tdata-text=\"w:normal;s:20,16,12,7;l:0,20,15,9;\"\n\t\t\t\t\t\t\t\tdata-dim=\"w:290px,239px,181px,111px;h:55px,45px,34px,20px;\"\n\t\t\t\t\t\t\t\tdata-vbility=\"f,f,f,t\"\n\t\t\t\t\t\t\t\tdata-frame_999=\"o:0;st:w;\"\n\t\t\t\t\t\t\t\tstyle=\"z-index:12;\"\n\t\t\t\t\t\t\t><img loading=\"lazy\" decoding=\"async\" src=\"\/\/www.periferiq.com\/wp-content\/plugins\/revslider\/public\/assets\/assets\/dummy.png\" alt=\"\" class=\"tp-rs-img rs-lazyload\" width=\"2345\" height=\"445\" data-lazyload=\"\/\/www.periferiq.com\/wp-content\/uploads\/2025\/07\/azulRecurso-1logo.png\" data-no-retina> \n\t\t\t\t\t\t\t<\/rs-layer><!--\n\n\t\t\t\t\t\t\t--><rs-layer\n\t\t\t\t\t\t\t\tid=\"slider-15-slide-48-layer-9\" \n\t\t\t\t\t\t\t\tclass=\"rs-nolc rs-layer-video intrinsic-ignore\"\n\t\t\t\t\t\t\t\tdata-type=\"video\"\n\t\t\t\t\t\t\t\tdata-rsp_ch=\"on\"\n\t\t\t\t\t\t\t\tdata-xy=\"x:c,c,c,l;xo:0,0,0,-1;y:m,m,m,t;\"\n\t\t\t\t\t\t\t\tdata-text=\"w:normal;s:20,16,12,7;l:0,20,15,9;\"\n\t\t\t\t\t\t\t\tdata-dim=\"w:1556px,1394px,1059px,482px;h:560px,502px,381px,502px;\"\n\t\t\t\t\t\t\t\tdata-vbility=\"f,f,f,t\"\n\t\t\t\t\t\t\t\tdata-video=\"vfc:true;vd:100;l:true;ptimer:false;nse:f;sav:f;afs:f;inl:f;\"\n\t\t\t\t\t\t\t\tdata-poster=\"\/\/www.periferiq.com\/wp-content\/uploads\/2025\/07\/Banner_3.jpg\"\n\t\t\t\t\t\t\t\tdata-mp4=\"\/\/www.periferiq.com\/wp-content\/uploads\/2025\/07\/Banner_3.jpg\"\n\t\t\t\t\t\t\t\tdata-frame_1=\"sR:3300;\"\n\t\t\t\t\t\t\t\tdata-frame_999=\"o:0;st:w;\"\n\t\t\t\t\t\t\t\tstyle=\"z-index:8;\"\n\t\t\t\t\t\t\t>\n\t\t\t\t\t\t\t<\/rs-layer><!--\n-->\t\t\t\t\t\t<\/rs-slide>\n\t\t\t\t\t<\/rs-slides>\n\t\t\t\t<\/rs-module>\n\t\t\t\t<script>\n\t\t\t\t\tsetREVStartSize({c: 'rev_slider_15_1',rl:[1240,1024,778,480],el:[500,500,500,500],gw:[1240,1024,778,480],gh:[500,500,500,500],type:'standard',justify:'',layout:'fullwidth',mh:\"0\"});if (window.RS_MODULES!==undefined && window.RS_MODULES.modules!==undefined && window.RS_MODULES.modules[\"revslider151\"]!==undefined) {window.RS_MODULES.modules[\"revslider151\"].once = false;window.revapi15 = undefined;if (window.RS_MODULES.checkMinimal!==undefined) window.RS_MODULES.checkMinimal()}\n\t\t\t\t<\/script>\n\t\t\t<\/rs-module-wrap>\n\t\t\t<!-- END REVOLUTION SLIDER -->\n<\/div><\/div><\/div><\/div><\/div><!-- Row Backgrounds --><div class=\"upb_color\" data-bg-override=\"ex-full\" data-bg-color=\"#ffffff\" data-fadeout=\"\" data-fadeout-percentage=\"30\" data-parallax-content=\"\" data-parallax-content-sense=\"30\" data-row-effect-mobile-disable=\"true\" data-img-parallax-mobile-disable=\"true\" data-rtl=\"false\"  data-custom-vc-row=\"\"  data-vc=\"6.8.0\"  data-is_old_vc=\"\"  data-theme-support=\"\"   data-overlay=\"false\" data-overlay-color=\"\" data-overlay-pattern=\"\" data-overlay-pattern-opacity=\"\" data-overlay-pattern-size=\"\"    ><\/div><!-- Row Backgrounds --><div class=\"upb_color\" data-bg-override=\"0\" data-bg-color=\"#ffffff\" data-fadeout=\"\" data-fadeout-percentage=\"30\" data-parallax-content=\"\" data-parallax-content-sense=\"30\" data-row-effect-mobile-disable=\"true\" data-img-parallax-mobile-disable=\"true\" data-rtl=\"false\"  data-custom-vc-row=\"\"  data-vc=\"6.8.0\"  data-is_old_vc=\"\"  data-theme-support=\"\"   data-overlay=\"false\" data-overlay-color=\"\" data-overlay-pattern=\"\" data-overlay-pattern-opacity=\"\" data-overlay-pattern-size=\"\"    ><\/div><div class=\"stripe stripe-style-1\" style=\"background-color: #000000;background-position: top;background-repeat: no-repeat;background-attachment: scroll;background-size: auto;padding-top: 0px;padding-bottom: 0px;margin-top: 0px;margin-bottom: 0px\"><div class=\"vc_row wpb_row vc_row-fluid\" style=\"\"><div class=\"wpb_animate_when_almost_visible wpb_fadeInLeft fadeInLeft wpb_column vc_column_container vc_col-sm-6\" id=\"climacolumn\"><div class=\"vc_column-inner\"><div class=\"wpb_wrapper\">\n\t<div class=\"wpb_text_column wpb_content_element\" id=\"climastext\">\n\t\t<div class=\"wpb_wrapper\">\n\t\t\t<p><img loading=\"lazy\" decoding=\"async\" class=\"wp-image-1771 aligncenter\" src=\"https:\/\/www.periferiq.com\/wp-content\/uploads\/2025\/07\/text-300x63.png\" alt=\"\" width=\"523\" height=\"110\" srcset=\"https:\/\/www.periferiq.com\/wp-content\/uploads\/2025\/07\/text-300x63.png 300w, https:\/\/www.periferiq.com\/wp-content\/uploads\/2025\/07\/text-1024x215.png 1024w, https:\/\/www.periferiq.com\/wp-content\/uploads\/2025\/07\/text-768x161.png 768w, https:\/\/www.periferiq.com\/wp-content\/uploads\/2025\/07\/text-18x4.png 18w, https:\/\/www.periferiq.com\/wp-content\/uploads\/2025\/07\/text.png 1278w\" sizes=\"auto, (max-width: 523px) 100vw, 523px\" \/><\/p>\n\n\t\t<\/div>\n\t<\/div>\n<div class=\"vc_empty_space\"   style=\"height: 32px\"><span class=\"vc_empty_space_inner\"><\/span><\/div>\n\t<div class=\"wpb_text_column wpb_content_element\" >\n\t\t<div class=\"wpb_wrapper\">\n\t\t\t<p style=\"text-align: justify; font-size: 18px;\"><span style=\"color: #ffffff;\">Avoid shutdowns and failures in your CNC equipment due to heat related problems.<\/span><\/p>\n<p style=\"text-align: justify; font-size: 18px;\"><span style=\"color: #ffffff;\">In Periferiq we offer you high technology cooling systems guaranteeing a failure free operation, keeping your cabinet at optimum temperature, free of heat, moisture, dust and contaminants, extending the life of your equipment and increasing the functionality of each of its electronic components, necessary for the proper functioning of your machine.<\/span><\/p>\n<p style=\"text-align: justify; font-size: 18px;\"><span style=\"color: #ffffff;\">It is important to maintain the ideal temperature inside any electrical cabinet regardless of brand or model, as it prevents contamination of any derivative of the coolant and metal particles that may impair the proper use of your machine.<\/span><\/p>\n\n\t\t<\/div>\n\t<\/div>\n<\/div><\/div><\/div><div class=\"wpb_animate_when_almost_visible wpb_fadeInRight fadeInRight wpb_column vc_column_container vc_col-sm-6\"><div class=\"vc_column-inner\"><div class=\"wpb_wrapper\"><div class=\"vc_empty_space\"   style=\"height: 32px\"><span class=\"vc_empty_space_inner\"><\/span><\/div><div id=\"ult-carousel-52883646669faa2d546732\" class=\"ult-carousel-wrapper   ult_horizontal\" data-gutter=\"15\" data-rtl=\"false\" ><div class=\"ult-carousel-47140729969faa2d54670c\" ><div class=\"ult-item-wrap\" data-animation=\"animated no-animation\">\n\t<div id=\"superclima\" class=\"wpb_single_image wpb_content_element vc_align_center  wpb_animate_when_almost_visible wpb_fadeInRight fadeInRight vc_custom_1674854981941  mover\">\n\t\t\n\t\t<figure class=\"wpb_wrapper vc_figure\">\n\t\t\t<div class=\"vc_single_image-wrapper   vc_box_border_grey\"><img loading=\"lazy\" decoding=\"async\" width=\"947\" height=\"952\" src=\"https:\/\/www.periferiq.com\/wp-content\/uploads\/2023\/01\/clima2_parawebinfo-1.png\" class=\"vc_single_image-img attachment-full\" alt=\"\" title=\"clima2_parawebinfo\"  data-dt-location=\"https:\/\/www.periferiq.com\/en\/sistemas_de_enfriamiento\/clima2_parawebinfo-2\/\" \/><\/div>\n\t\t<\/figure>\n\t<\/div>\n<\/div><\/div><\/div>\t\t\t<script type=\"text\/javascript\">\n\t\t\t\tjQuery(document).ready(function ($) {\n\t\t\t\t\tif( typeof jQuery('.ult-carousel-47140729969faa2d54670c').slick == \"function\"){\n\t\t\t\t\t\t$('.ult-carousel-47140729969faa2d54670c').slick({dots: true,autoplay: true,autoplaySpeed: 3000,speed: 300,infinite: true,arrows: false,slidesToScroll:1,slidesToShow:1,swipe: true,draggable: true,touchMove: true,pauseOnHover: true,pauseOnFocus: false,responsive: [\n\t\t\t\t\t\t\t{\n\t\t\t\t\t\t\t  breakpoint: 1026,\n\t\t\t\t\t\t\t  settings: {\n\t\t\t\t\t\t\t\tslidesToShow: 1,\n\t\t\t\t\t\t\t\tslidesToScroll: 1,  \n\t\t\t\t\t\t\t  }\n\t\t\t\t\t\t\t},\n\t\t\t\t\t\t\t{\n\t\t\t\t\t\t\t  breakpoint: 1025,\n\t\t\t\t\t\t\t  settings: {\n\t\t\t\t\t\t\t\tslidesToShow: 1,\n\t\t\t\t\t\t\t\tslidesToScroll: 1\n\t\t\t\t\t\t\t  }\n\t\t\t\t\t\t\t},\n\t\t\t\t\t\t\t{\n\t\t\t\t\t\t\t  breakpoint: 760,\n\t\t\t\t\t\t\t  settings: {\n\t\t\t\t\t\t\t\tslidesToShow: 1,\n\t\t\t\t\t\t\t\tslidesToScroll: 1\n\t\t\t\t\t\t\t  }\n\t\t\t\t\t\t\t}\n\t\t\t\t\t\t],pauseOnDotsHover: true,customPaging: function(slider, i) {\n                   return '<i type=\"button\" style= \"color:#1e73be;\" class=\"ultsl-record\" data-role=\"none\"><\/i>';\n                },});\n\t\t\t\t\t}\n\t\t\t\t});\n\t\t\t<\/script>\n\t\t\t<\/div><\/div><\/div><\/div><\/div><div class=\"stripe stripe-style-1\" style=\"background-color: #ffffff;background-position: top;background-repeat: no-repeat;background-attachment: scroll;background-size: auto;padding-top: 0px;padding-bottom: 0px;margin-top: 0px;margin-bottom: 0px\"><div class=\"vc_row wpb_row vc_row-fluid\" style=\"\"><div class=\"wpb_column vc_column_container vc_col-sm-12\" id=\"botonsolicitar\"><div class=\"vc_column-inner\"><div class=\"wpb_wrapper\"><div class=\"ult_row_spacer\"><div class=\"ult-sticky-anchor\"><div class=\"ult-sticky-section ult-sticky\"  data-stick_behaviour= 'stick_permanent' data-lr_position= 'right' data-lr_value= '0'  data-sticky_width= 'fullwidth' data-sticky_position= 'bottom' data-mobile='yes' data-support='no'><div class=\"ubtn-ctn-center botoncoticepop\"><button type=\"button\" id=\"ubtn-3080\"  class=\"ubtn ult-adjust-bottom-margin ult-responsive ubtn-custom ubtn-left-bg  none  ubtn-sep-icon ubtn-sep-icon-at-right  ubtn-shd  ubtn-center  shd-top tooltip-69faa2d547777\"  data-hover=\"#ffffff\" data-border-color=\"\" data-bg=\"#d30000\" data-hover-bg=\"#46d3fe\" data-border-hover=\"\" data-shadow-hover=\"0 -2px ;\" data-shadow-click=\"none\" data-shadow=\"0 -2px ;\" data-shd-shadow=\"2\"  data-ultimate-target='#ubtn-3080'  data-responsive-json-new='{\"font-size\":\"desktop:20px;\",\"line-height\":\"desktop:20px;\"}'  style=\"font-family:&#039;Overpass&#039;;font-weight:600;width:300px;min-height:50px;padding:px px;border:none;box-shadow: 0 -2px ;background: #d30000;color: #ffffff;\"><span class=\"ubtn-data ubtn-icon\"><i class=\"icomoon-the7-font-the7-mail-01\" style=\"font-size:27px;color:#ffffff;\"><\/i><\/span><span class=\"ubtn-hover\" style=\"background-color:#46d3fe\"><\/span><span class=\"ubtn-data ubtn-text\" >Request quote<\/span><\/button><\/div><\/div><div class=\"ult-space\"><\/div><\/div><\/div><\/div><\/div><\/div><\/div><\/div><!-- Row Backgrounds --><div class=\"upb_color\" data-bg-override=\"ex-full\" data-bg-color=\"#ffffff\" data-fadeout=\"\" data-fadeout-percentage=\"30\" data-parallax-content=\"\" data-parallax-content-sense=\"30\" data-row-effect-mobile-disable=\"true\" data-img-parallax-mobile-disable=\"true\" data-rtl=\"false\"  data-custom-vc-row=\"\"  data-vc=\"6.8.0\"  data-is_old_vc=\"\"  data-theme-support=\"\"   data-overlay=\"false\" data-overlay-color=\"\" data-overlay-pattern=\"\" data-overlay-pattern-opacity=\"\" data-overlay-pattern-size=\"\"    ><\/div><!-- Row Backgrounds --><div class=\"upb_color\" data-bg-override=\"ex-full\" data-bg-color=\"#efefef\" data-fadeout=\"\" data-fadeout-percentage=\"30\" data-parallax-content=\"\" data-parallax-content-sense=\"30\" data-row-effect-mobile-disable=\"true\" data-img-parallax-mobile-disable=\"true\" data-rtl=\"false\"  data-custom-vc-row=\"\"  data-vc=\"6.8.0\"  data-is_old_vc=\"\"  data-theme-support=\"\"   data-overlay=\"false\" data-overlay-color=\"\" data-overlay-pattern=\"\" data-overlay-pattern-opacity=\"\" data-overlay-pattern-size=\"\"    ><\/div><!-- Row Backgrounds --><div class=\"upb_bg_img\" data-ultimate-bg=\"url(https:\/\/www.periferiq.com\/wp-content\/uploads\/2022\/05\/Banner-suscri\u0301bete-min.jpeg)\" data-image-id=\"id^911|url^http:\/\/www.periferiq.com\/wp-content\/uploads\/2022\/05\/Banner-suscri\u0301bete-min.jpeg|caption^null|alt^null|title^Banner-suscri\u0301bete-min|description^null\" data-ultimate-bg-style=\"vcpb-default\" data-bg-img-repeat=\"repeat\" data-bg-img-size=\"cover\" data-bg-img-position=\"\" data-parallx_sense=\"30\" data-bg-override=\"full\" data-bg_img_attach=\"fixed\" data-upb-overlay-color=\"\" data-upb-bg-animation=\"\" data-fadeout=\"\" data-bg-animation=\"left-animation\" data-bg-animation-type=\"h\" data-animation-repeat=\"repeat\" data-fadeout-percentage=\"30\" data-parallax-content=\"\" data-parallax-content-sense=\"30\" data-row-effect-mobile-disable=\"true\" data-img-parallax-mobile-disable=\"true\" data-rtl=\"false\"  data-custom-vc-row=\"\"  data-vc=\"6.8.0\"  data-is_old_vc=\"\"  data-theme-support=\"\"   data-overlay=\"false\" data-overlay-color=\"\" data-overlay-pattern=\"\" data-overlay-pattern-opacity=\"\" data-overlay-pattern-size=\"\"    ><\/div>","protected":false},"excerpt":{"rendered":"<p>Evite paros y fallas en sus Equipos CNC, por inconvenientes relacionados con el calor. En Periferiq le ofrecemos Sistemas de Enfriamiento de alta tecnolog\u00eda garantizando una operaci\u00f3n libre de fallas, manteniendo su gabinete a \u00f3ptima temperatura, libre de calor, humedad, polvos y contaminantes alargando la vida \u00fatil de su equipo e incrementando la funcionalidad de&hellip;<\/p>","protected":false},"author":1,"featured_media":0,"parent":0,"menu_order":0,"comment_status":"closed","ping_status":"closed","template":"","meta":{"_joinchat":[],"footnotes":""},"class_list":["post-1050","page","type-page","status-publish","hentry","description-off"],"aioseo_notices":[],"_links":{"self":[{"href":"https:\/\/www.periferiq.com\/en\/wp-json\/wp\/v2\/pages\/1050","targetHints":{"allow":["GET"]}}],"collection":[{"href":"https:\/\/www.periferiq.com\/en\/wp-json\/wp\/v2\/pages"}],"about":[{"href":"https:\/\/www.periferiq.com\/en\/wp-json\/wp\/v2\/types\/page"}],"author":[{"embeddable":true,"href":"https:\/\/www.periferiq.com\/en\/wp-json\/wp\/v2\/users\/1"}],"replies":[{"embeddable":true,"href":"https:\/\/www.periferiq.com\/en\/wp-json\/wp\/v2\/comments?post=1050"}],"version-history":[{"count":54,"href":"https:\/\/www.periferiq.com\/en\/wp-json\/wp\/v2\/pages\/1050\/revisions"}],"predecessor-version":[{"id":1772,"href":"https:\/\/www.periferiq.com\/en\/wp-json\/wp\/v2\/pages\/1050\/revisions\/1772"}],"wp:attachment":[{"href":"https:\/\/www.periferiq.com\/en\/wp-json\/wp\/v2\/media?parent=1050"}],"curies":[{"name":"wp","href":"https:\/\/api.w.org\/{rel}","templated":true}]}}