{"id":22,"date":"2022-03-18T19:04:12","date_gmt":"2022-03-18T19:04:12","guid":{"rendered":"http:\/\/www.periferiq.com\/?page_id=22"},"modified":"2022-03-25T03:52:58","modified_gmt":"2022-03-25T03:52:58","slug":"title","status":"publish","type":"page","link":"https:\/\/www.periferiq.com\/en\/title\/","title":{"rendered":"title"},"content":{"rendered":"<div class=\"vc_row wpb_row vc_row-fluid dt-default\" style=\"margin-top: 0px;margin-bottom: 0px\"><div class=\"wpb_column vc_column_container vc_col-sm-4 vc_col-has-fill\"><div class=\"vc_column-inner vc_custom_1648180160347\"><div class=\"wpb_wrapper\"><div class=\"ult-just-icon-wrapper\"><div class=\"align-icon\" style=\"text-align:left;\">\n<div class=\"aio-icon-img\" style=\"font-size:78px;display:inline-block;\" >\n\t<img decoding=\"async\" class=\"img-icon\" alt=\"null\" src=\"https:\/\/www.periferiq.com\/wp-content\/uploads\/2022\/03\/Group-447.png\"\/>\n<\/div><\/div><\/div>\n\t<div class=\"wpb_text_column wpb_content_element\" >\n\t\t<div class=\"wpb_wrapper\">\n\t\t\t<div class=\"wpb_single_image wpb_content_element vc_align_left --contact-detail\">\n<figure class=\"wpb_wrapper vc_figure\">\n<div class=\"vc_single_image-wrapper vc_box_border_grey\"><span style=\"color: #cfd2d3; font-size: 27.2px;\">Centro Tec<\/span><\/div>\n<\/figure>\n<\/div>\n<div class=\"wpb_text_column wpb_content_element vc_custom_1647922018922\">\n<div class=\"wpb_wrapper\">\n<h3><span style=\"color: #4c5161;\">North Zone<\/span><\/h3>\n<\/div>\n<\/div>\n<p><a id=\"default-btn-f1fe28ca1b6372c46d867b161af64a50\" class=\"default-btn-shortcode dt-btn dt-btn-s link-hover-off --text-button btn-inline-left\" href=\"tel: 528181313199\"><i class=\"fas fa-phone-alt\"><\/i>(+52) 81.8131.3199<\/a><\/p>\n<div class=\"vc_separator wpb_content_element vc_separator_align_center vc_sep_width_100 vc_sep_pos_align_center vc_separator_no_text vc_custom_1647917048770 vc_custom_1647917048770\"><span style=\"color: #4c5161; font-size: 16px;\">Tech Center Monterrey<\/span><\/div>\n<div class=\"wpb_text_column wpb_content_element\">\n<div class=\"wpb_wrapper\">\n<p>J. Cant\u00fa Garc\u00eda 601, Col. Garza Cant\u00fa<br \/>\nSan Nicol\u00e1s de los Garza,<br \/>\nN.L. 66480<\/p>\n<\/div>\n<\/div>\n\n\t\t<\/div>\n\t<\/div>\n<\/div><\/div><\/div><div class=\"wpb_column vc_column_container vc_col-sm-4 vc_col-has-fill\"><div class=\"vc_column-inner vc_custom_1648180150111\"><div class=\"wpb_wrapper\">\n\t<div class=\"wpb_text_column wpb_content_element\" >\n\t\t<div class=\"wpb_wrapper\">\n\t\t\t<div class=\"wpb_single_image wpb_content_element vc_align_left --contact-detail\">\n<figure class=\"wpb_wrapper vc_figure\">\n<div class=\"vc_single_image-wrapper vc_box_border_grey\">\n<div class=\"wpb_single_image wpb_content_element vc_align_left --contact-detail\">\n<figure class=\"wpb_wrapper vc_figure\">\n<div class=\"vc_single_image-wrapper vc_box_border_grey\"><img loading=\"lazy\" decoding=\"async\" class=\"vc_single_image-img attachment-full\" title=\"Group 444\" src=\"http:\/\/hemaq.ribs.design\/wp-content\/uploads\/2022\/03\/Group-444.png\" alt=\"\" width=\"73\" height=\"28\" data-dt-location=\"http:\/\/hemaq.ribs.design\/contacto\/group-444\/\" \/><\/div>\n<\/figure>\n<\/div>\n<div class=\"wpb_text_column wpb_content_element vc_custom_1647921994107\">\n<div class=\"wpb_wrapper\">\n<h2><span style=\"color: #cfd2d3;\">Centro Tec<\/span><\/h2>\n<\/div>\n<\/div>\n<div class=\"wpb_text_column wpb_content_element vc_custom_1647922263966\">\n<div class=\"wpb_wrapper\">\n<h3>Centro Tec: Zona Sur<\/h3>\n<\/div>\n<\/div>\n<p><a id=\"default-btn-40c08d0972d604ae8231d8066b935371\" class=\"default-btn-shortcode dt-btn dt-btn-s link-hover-off --text-button btn-inline-left\" href=\"tel: 524424783199\"><i class=\"fas fa-phone-alt\"><\/i>(+52) 442.478.3199<\/a><\/p>\n<div class=\"vc_separator wpb_content_element vc_separator_align_center vc_sep_width_100 vc_sep_pos_align_center vc_separator_no_text vc_custom_1647917048770 vc_custom_1647917048770\"><\/div>\n<div class=\"wpb_text_column wpb_content_element\">\n<div class=\"wpb_wrapper\">\n<p><span style=\"color: #4c5161;\">Tech Center Quer\u00e9taro<\/span><br \/>\nIndustrial Complex \u00abPKCO II\u00bb<br \/>\nState Road 431 KM. 1.3, Int. 23N<br \/>\nThe Marquis, Qro. 76246<\/p>\n<\/div>\n<\/div>\n<\/div>\n<\/figure>\n<\/div>\n\n\t\t<\/div>\n\t<\/div>\n<\/div><\/div><\/div><div class=\"wpb_column vc_column_container vc_col-sm-4 vc_col-has-fill\"><div class=\"vc_column-inner vc_custom_1648180134834\"><div class=\"wpb_wrapper\">\n\t<div class=\"wpb_text_column wpb_content_element\" >\n\t\t<div class=\"wpb_wrapper\">\n\t\t\t<div class=\"wpb_single_image wpb_content_element vc_align_left --contact-detail\">\n<figure class=\"wpb_wrapper vc_figure\">\n<div class=\"vc_single_image-wrapper vc_box_border_grey\"><img loading=\"lazy\" decoding=\"async\" class=\"vc_single_image-img attachment-full\" title=\"Group 446\" src=\"http:\/\/hemaq.ribs.design\/wp-content\/uploads\/2022\/03\/Group-446.png\" alt=\"\" width=\"73\" height=\"28\" data-dt-location=\"http:\/\/hemaq.ribs.design\/contacto\/group-446\/\" \/><\/div>\n<\/figure>\n<\/div>\n<div class=\"wpb_text_column wpb_content_element vc_custom_1647922332780\">\n<div class=\"wpb_wrapper\">\n<h2><span style=\"color: #cfd2d3;\">Oficina<\/span><\/h2>\n<\/div>\n<\/div>\n<div class=\"wpb_text_column wpb_content_element vc_custom_1647922325271\">\n<div class=\"wpb_wrapper\">\n<h3>Central America and Caribbean<\/h3>\n<\/div>\n<\/div>\n<p><a id=\"default-btn-9f41f2f0a1a1faf3134801e85007f52b\" class=\"default-btn-shortcode dt-btn dt-btn-s link-hover-off --text-button btn-inline-left\" href=\"te:50640023199\"><i class=\"fas fa-phone-alt\"><\/i>(+506) 4002.3199<\/a><\/p>\n<div class=\"vc_separator wpb_content_element vc_separator_align_center vc_sep_width_100 vc_sep_pos_align_center vc_separator_no_text vc_custom_1647917048770 vc_custom_1647917048770\"><\/div>\n<div class=\"wpb_text_column wpb_content_element\">\n<div class=\"wpb_wrapper\">\n<p><span style=\"color: #4c5161;\">Central America and Caribbean Office<\/span><br \/>\nSenior National Bank<br \/>\nof Costa Rica, Second Floor<br \/>\nSan Isidro de Heredia<\/p>\n<\/div>\n<\/div>\n<div class=\"wpb_text_column wpb_content_element vc_custom_1647922389649\">\n<div class=\"wpb_wrapper\">\n<p><span style=\"text-transform: uppercase;\">Costa rica<\/span><\/p>\n<\/div>\n<\/div>\n\n\t\t<\/div>\n\t<\/div>\n<\/div><\/div><\/div><\/div><div class=\"vc_row wpb_row vc_row-fluid dt-default\" style=\"margin-top: 0px;margin-bottom: 0px\"><div class=\"wpb_column vc_column_container vc_col-sm-12\"><div class=\"vc_column-inner\"><div class=\"wpb_wrapper\">\n\t<div class=\"wpb_text_column wpb_content_element\" >\n\t\t<div class=\"wpb_wrapper\">\n\t\t\t\n\t\t<\/div>\n\t<\/div>\n<\/div><\/div><\/div><\/div>","protected":false},"excerpt":{"rendered":"<p>Centro Tec Zona Norte (+52) 81.8131.3199 CentroTec Monterrey J. Cant\u00fa Garc\u00eda 601, Col. Garza Cant\u00fa San Nicol\u00e1s de los Garza, N.L. 66480 Centro Tec Centro Tec: Zona Sur (+52) 442.478.3199 CentroTec Quer\u00e9taro Conjunto Industrial \u00abPKCO II\u00bb Carr. Estatal 431 KM. 1.3, Int. 23N El Marqu\u00e9s, Qro. 76246 Oficina Centroam\u00e9rica y El Caribe (+506) 4002.3199 Oficina&hellip;<\/p>","protected":false},"author":1,"featured_media":0,"parent":0,"menu_order":0,"comment_status":"closed","ping_status":"closed","template":"","meta":{"_joinchat":[],"footnotes":""},"class_list":["post-22","page","type-page","status-publish","hentry","description-off"],"aioseo_notices":[],"_links":{"self":[{"href":"https:\/\/www.periferiq.com\/en\/wp-json\/wp\/v2\/pages\/22","targetHints":{"allow":["GET"]}}],"collection":[{"href":"https:\/\/www.periferiq.com\/en\/wp-json\/wp\/v2\/pages"}],"about":[{"href":"https:\/\/www.periferiq.com\/en\/wp-json\/wp\/v2\/types\/page"}],"author":[{"embeddable":true,"href":"https:\/\/www.periferiq.com\/en\/wp-json\/wp\/v2\/users\/1"}],"replies":[{"embeddable":true,"href":"https:\/\/www.periferiq.com\/en\/wp-json\/wp\/v2\/comments?post=22"}],"version-history":[{"count":7,"href":"https:\/\/www.periferiq.com\/en\/wp-json\/wp\/v2\/pages\/22\/revisions"}],"predecessor-version":[{"id":465,"href":"https:\/\/www.periferiq.com\/en\/wp-json\/wp\/v2\/pages\/22\/revisions\/465"}],"wp:attachment":[{"href":"https:\/\/www.periferiq.com\/en\/wp-json\/wp\/v2\/media?parent=22"}],"curies":[{"name":"wp","href":"https:\/\/api.w.org\/{rel}","templated":true}]}}