{"id":435,"date":"2022-03-24T23:37:08","date_gmt":"2022-03-24T23:37:08","guid":{"rendered":"http:\/\/www.periferiq.com\/?page_id=435"},"modified":"2023-01-24T23:49:25","modified_gmt":"2023-01-24T23:49:25","slug":"sistemas-de-enfriamiento","status":"publish","type":"page","link":"https:\/\/www.periferiq.com\/en\/sistemas-de-enfriamiento\/","title":{"rendered":"COOLING SYSTEMS"},"content":{"rendered":"<p><!-- Row Backgrounds --><div class=\"upb_bg_img\" data-ultimate-bg=\"url(https:\/\/www.periferiq.com\/wp-content\/uploads\/2023\/01\/fondo_frio_calor.jpg)\" data-image-id=\"id^1048|url^https:\/\/www.periferiq.com\/wp-content\/uploads\/2023\/01\/fondo_frio_calor.jpg|caption^null|alt^null|title^fondo_frio_calor|description^null\" data-ultimate-bg-style=\"vcpb-vz-jquery\" data-bg-img-repeat=\"no-repeat\" data-bg-img-size=\"cover\" data-bg-img-position=\"\" data-parallx_sense=\"5\" data-bg-override=\"ex-full\" data-bg_img_attach=\"scroll\" data-upb-overlay-color=\"\" data-upb-bg-animation=\"\" data-fadeout=\"\" data-bg-animation=\"left-animation\" data-bg-animation-type=\"h\" data-animation-repeat=\"repeat\" data-fadeout-percentage=\"30\" data-parallax-content=\"\" data-parallax-content-sense=\"30\" data-row-effect-mobile-disable=\"true\" data-img-parallax-mobile-disable=\"false\" data-rtl=\"false\"  data-custom-vc-row=\"\"  data-vc=\"6.8.0\"  data-is_old_vc=\"\"  data-theme-support=\"\"   data-overlay=\"false\" data-overlay-color=\"\" data-overlay-pattern=\"\" data-overlay-pattern-opacity=\"\" data-overlay-pattern-size=\"\"    ><\/div><div class=\"vc_row wpb_row vc_row-fluid vc_column-gap-35 vc_row-o-equal-height vc_row-o-content-middle vc_row-flex\"><div class=\"enfriamiento wpb_column vc_column_container vc_col-sm-6\"><div class=\"vc_column-inner\"><div class=\"wpb_wrapper\">\n\t<div class=\"wpb_text_column wpb_content_element  vc_custom_1649265118391\" >\n\t\t<div class=\"wpb_wrapper\">\n\t\t\t<h3><span style=\"color: #999999;\">COOLING SYSTEMS<\/span><\/h3>\n\n\t\t<\/div>\n\t<\/div>\n\n\t<div class=\"wpb_text_column wpb_content_element  vc_custom_1649265137183\" >\n\t\t<div class=\"wpb_wrapper\">\n\t\t\t<h1>Innovation in<br \/>\nindustrial cooling<\/h1>\n\n\t\t<\/div>\n\t<\/div>\n<div class=\"vc_separator wpb_content_element vc_separator_align_center vc_sep_width_20 vc_sep_border_width_3 vc_sep_pos_align_left vc_separator_no_text  wpb_animate_when_almost_visible wpb_fadeInLeft fadeInLeft wpb_animate_when_almost_visible wpb_fadeInLeft fadeInLeft\" ><span class=\"vc_sep_holder vc_sep_holder_l\"><span  style=\"border-color:#002f87;\" class=\"vc_sep_line\"><\/span><\/span><span class=\"vc_sep_holder vc_sep_holder_r\"><span  style=\"border-color:#002f87;\" class=\"vc_sep_line\"><\/span><\/span>\n<\/div>\n\t<div class=\"wpb_text_column wpb_content_element\" >\n\t\t<div class=\"wpb_wrapper\">\n\t\t\t<p style=\"text-align: left;\">We control the temperature of your machine<br \/>\nAvoid shutdowns and failures in your CNC equipment due to heat related problems.<\/p>\n<p style=\"text-align: left;\">In Periferiq we offer you high technology cooling systems guaranteeing a failure free operation, keeping your cabinet at optimum temperature, free of heat, moisture, dust and contaminants, extending the life of your equipment and increasing the functionality of each of its electronic components, necessary for the proper functioning of your machine.<\/p>\n<p style=\"text-align: left;\">It is important to maintain the ideal temperature inside any electrical cabinet regardless of brand or model, as it prevents contamination of any derivative of the coolant and metal particles that may impair the proper use of your machine.<\/p>\n\n\t\t<\/div>\n\t<\/div>\n<div class=\"ubtn-ctn-left\"><a class=\"ubtn-link ult-adjust-bottom-margin ubtn-left ubtn-custom\" href=\"https:\/\/www.periferiq.com\/en\/contacto\/\" title=\"CONTACT\" ><button type=\"button\" id=\"ubtn-4948\"  class=\"ubtn ult-adjust-bottom-margin ult-responsive ubtn-custom ubtn-left-bg  ulta-grow  ubtn-left   tooltip-69ee28b276d55\"  data-hover=\"#ffffff\" data-border-color=\"\" data-bg=\"#46d3fe\" data-hover-bg=\"#1d3386\" data-border-hover=\"\" data-shadow-hover=\"\" data-shadow-click=\"none\" data-shadow=\"\" data-shd-shadow=\"\"  data-ultimate-target='#ubtn-4948'  data-responsive-json-new='{\"font-size\":\"desktop:16px;\",\"line-height\":\"desktop:22px;\"}'  style=\"font-weight:bold;width:220px;min-height:45px;padding:5px px;border:none;background: #46d3fe;color: #ffffff;\"><span class=\"ubtn-hover\" style=\"background-color:#1d3386\"><\/span><span class=\"ubtn-data ubtn-text\" >Request quote<\/span><\/button><\/a><\/div><\/div><\/div><\/div><div class=\"enfriamientolado2 wpb_column vc_column_container vc_col-sm-6 vc_col-has-fill\"><div class=\"vc_column-inner vc_custom_1649271453971\"><div class=\"wpb_wrapper\"><div id=\"ult-carousel-124502956269ee28b276ff8\" class=\"ult-carousel-wrapper   ult_horizontal\" data-gutter=\"15\" data-rtl=\"false\" ><div class=\"ult-carousel-179138620769ee28b276fd4\" ><div class=\"ult-item-wrap\" data-animation=\"animated no-animation\">\n\t<div  class=\"wpb_single_image wpb_content_element vc_align_center\">\n\t\t\n\t\t<figure class=\"wpb_wrapper vc_figure\">\n\t\t\t<div class=\"vc_single_image-wrapper   vc_box_border_grey\"><img loading=\"lazy\" decoding=\"async\" width=\"800\" height=\"590\" src=\"https:\/\/www.periferiq.com\/wp-content\/uploads\/2022\/03\/sistemas_de_enfriamiento_min_2.png\" class=\"vc_single_image-img attachment-full\" alt=\"sistemas de enfriamiento\" title=\"sistemas de enfriamiento\"  data-dt-location=\"https:\/\/www.periferiq.com\/en\/inicio\/sistemas_de_enfriamiento_min_2\/\" \/><\/div>\n\t\t<\/figure>\n\t<\/div>\n<\/div><div class=\"ult-item-wrap\" data-animation=\"animated no-animation\">\n\t<div  class=\"wpb_single_image wpb_content_element vc_align_center\">\n\t\t\n\t\t<figure class=\"wpb_wrapper vc_figure\">\n\t\t\t<div class=\"vc_single_image-wrapper   vc_box_border_grey\"><img loading=\"lazy\" decoding=\"async\" width=\"800\" height=\"590\" src=\"https:\/\/www.periferiq.com\/wp-content\/uploads\/2022\/04\/sistemas_de_enfriamiento_maquina-min.png\" class=\"vc_single_image-img attachment-full\" alt=\"\" title=\"sistemas_de_enfriamiento_maquina-min\"  data-dt-location=\"https:\/\/www.periferiq.com\/en\/inicio\/sistemas_de_enfriamiento_maquina-min-2\/\" \/><\/div>\n\t\t<\/figure>\n\t<\/div>\n<\/div><\/div><\/div>\t\t\t<script type=\"text\/javascript\">\n\t\t\t\tjQuery(document).ready(function ($) {\n\t\t\t\t\tif( typeof jQuery('.ult-carousel-179138620769ee28b276fd4').slick == \"function\"){\n\t\t\t\t\t\t$('.ult-carousel-179138620769ee28b276fd4').slick({dots: false,autoplay: true,autoplaySpeed: 5000,speed: 300,infinite: true,arrows: false,slidesToScroll:1,slidesToShow:1,swipe: true,draggable: true,touchMove: true,pauseOnHover: true,pauseOnFocus: false,responsive: [\n\t\t\t\t\t\t\t{\n\t\t\t\t\t\t\t  breakpoint: 1026,\n\t\t\t\t\t\t\t  settings: {\n\t\t\t\t\t\t\t\tslidesToShow: 1,\n\t\t\t\t\t\t\t\tslidesToScroll: 1,  \n\t\t\t\t\t\t\t  }\n\t\t\t\t\t\t\t},\n\t\t\t\t\t\t\t{\n\t\t\t\t\t\t\t  breakpoint: 1025,\n\t\t\t\t\t\t\t  settings: {\n\t\t\t\t\t\t\t\tslidesToShow: 1,\n\t\t\t\t\t\t\t\tslidesToScroll: 1\n\t\t\t\t\t\t\t  }\n\t\t\t\t\t\t\t},\n\t\t\t\t\t\t\t{\n\t\t\t\t\t\t\t  breakpoint: 760,\n\t\t\t\t\t\t\t  settings: {\n\t\t\t\t\t\t\t\tslidesToShow: 1,\n\t\t\t\t\t\t\t\tslidesToScroll: 1\n\t\t\t\t\t\t\t  }\n\t\t\t\t\t\t\t}\n\t\t\t\t\t\t],pauseOnDotsHover: true,customPaging: function(slider, i) {\n                   return '<i type=\"button\" style= \"color:#333333;\" class=\"ultsl-record\" data-role=\"none\"><\/i>';\n                },});\n\t\t\t\t\t}\n\t\t\t\t});\n\t\t\t<\/script>\n\t\t\t<\/div><\/div><\/div><\/div><div class=\"vc_row wpb_row vc_row-fluid dt-default\" style=\"margin-top: 0px;margin-bottom: 0px\"><div class=\"wpb_column vc_column_container vc_col-sm-12\"><div class=\"vc_column-inner\"><div class=\"wpb_wrapper\"><div class=\"vc_empty_space\"   style=\"height: 20px\"><span class=\"vc_empty_space_inner\"><\/span><\/div><\/div><\/div><\/div><\/div><div class=\"vc_row wpb_row vc_row-fluid vc_column-gap-35 vc_row-o-content-middle vc_row-flex\"><div class=\"wpb_column vc_column_container vc_col-sm-8\"><div class=\"vc_column-inner\"><div class=\"wpb_wrapper\"><div class=\"vc_empty_space\"   style=\"height: 32px\"><span class=\"vc_empty_space_inner\"><\/span><\/div>\n\t<div class=\"wpb_text_column wpb_content_element  vc_custom_1649265799870\" >\n\t\t<div class=\"wpb_wrapper\">\n\t\t\t<h3><span style=\"color: #999999;\">MACHINERY<\/span><\/h3>\n\n\t\t<\/div>\n\t<\/div>\n\n\t<div class=\"wpb_text_column wpb_content_element  vc_custom_1649280432450\" >\n\t\t<div class=\"wpb_wrapper\">\n\t\t\t<h1>Integral solutions in CNC Machine Tools<\/h1>\n\n\t\t<\/div>\n\t<\/div>\n<div class=\"vc_separator wpb_content_element vc_separator_align_center vc_sep_width_20 vc_sep_border_width_3 vc_sep_pos_align_left vc_separator_no_text  wpb_animate_when_almost_visible wpb_fadeInLeft fadeInLeft wpb_animate_when_almost_visible wpb_fadeInLeft fadeInLeft\" ><span class=\"vc_sep_holder vc_sep_holder_l\"><span  style=\"border-color:#002f87;\" class=\"vc_sep_line\"><\/span><\/span><span class=\"vc_sep_holder vc_sep_holder_r\"><span  style=\"border-color:#002f87;\" class=\"vc_sep_line\"><\/span><\/span>\n<\/div>\n\t<div class=\"wpb_text_column wpb_content_element\" >\n\t\t<div class=\"wpb_wrapper\">\n\t\t\t<p style=\"text-align: left;\">Allies of the best supplier and integrator of <strong>CNC Machine Tools<\/strong>.<\/p>\n\n\t\t<\/div>\n\t<\/div>\n\n\t<div class=\"wpb_text_column wpb_content_element  vc_custom_1649271387048\" >\n\t\t<div class=\"wpb_wrapper\">\n\t\t\t<p style=\"text-align: left; font-size: 14px;\"><span style=\"color: #002f87;\"><a class=\"links-hemaq\" style=\"text-decoration: none !important; color: #002f87;\" href=\"https:\/\/www.hemaq.com\/es\/categoria\/tornos\/\">LATHES<\/a><\/span> | <a class=\"links-hemaq\" style=\"text-decoration: none !important;\" href=\"https:\/\/www.hemaq.com\/es\/categoria\/centros-de-maquinado\/\"><span class=\"links-hemaq\" style=\"color: #002f87;\">MACHINING CENTERS<\/span><\/a> | <span style=\"color: #002f87;\"><a class=\"links-hemaq\" style=\"text-decoration: none !important; color: #002f87;\" href=\"https:\/\/www.hemaq.com\/es\/categoria\/rectificadoras\/\">GRINDING MACHINES<\/a><\/span> | <span style=\"color: #002f87;\"><a class=\"links-hemaq\" style=\"text-decoration: none !important; color: #002f87;\" href=\"https:\/\/www.hemaq.com\/es\/categoria\/maquinado-de-extruidos\/\">EXTRUSION MACHINING<\/a> <\/span>| <span style=\"color: #002f87;\"><a class=\"links-hemaq\" style=\"text-decoration: none !important; color: #002f87;\" href=\"https:\/\/www.hemaq.com\/es\/categoria\/barrenado-profundo\/\">DEEP BORING MACHINES<\/a><\/span> | <span style=\"color: #002f87;\"><a class=\"links-hemaq\" style=\"text-decoration: none !important; color: #002f87;\" href=\"https:\/\/www.hemaq.com\/es\/categoria\/madrinadoras\/\">BORING MACHINES<\/a><\/span><\/p>\n\n\t\t<\/div>\n\t<\/div>\n<div class=\"vc_empty_space\"   style=\"height: 32px\"><span class=\"vc_empty_space_inner\"><\/span><\/div><\/div><\/div><\/div><div class=\"wpb_column vc_column_container vc_col-sm-4 vc_col-has-fill\"><div class=\"vc_column-inner vc_custom_1648077390265\"><div class=\"wpb_wrapper\"><div class=\"vc_empty_space\"   style=\"height: 10px\"><span class=\"vc_empty_space_inner\"><\/span><\/div>\n\t<div  class=\"wpb_single_image wpb_content_element vc_align_center  vc_custom_1648057375223\">\n\t\t\n\t\t<figure class=\"wpb_wrapper vc_figure\">\n\t\t\t<a href=\"https:\/\/www.hemaq.com\/\" target=\"_blank\"  class=\"vc_single_image-wrapper   vc_box_border_grey rollover\" data-large_image_width=\"521\" data-large_image_height = \"324\"     ><img loading=\"lazy\" decoding=\"async\" width=\"300\" height=\"187\" src=\"https:\/\/www.periferiq.com\/wp-content\/uploads\/2022\/03\/Logo-HEMAQ-definitivo.png\" class=\"vc_single_image-img attachment-medium\" alt=\"HEMAQ - Powering the human factor\" title=\"HEMAQ - Powering the human factor\"  data-dt-location=\"https:\/\/www.periferiq.com\/en\/inicio\/logo-hemaq-definitivo\/\" \/><\/a>\n\t\t<\/figure>\n\t<\/div>\n<div class=\"vc_custom_1649277702645 ubtn-ctn-center\"><a class=\"ubtn-link ult-adjust-bottom-margin ubtn-center ubtn-block\" href=\"https:\/\/www.hemaq.com\/\" target=\"_blank\" rel=\"noopener\" ><button type=\"button\" id=\"ubtn-5088\"  class=\"ubtn ult-adjust-bottom-margin ult-responsive ubtn-block ubtn-left-bg  ulta-grow  ubtn-center   tooltip-69ee28b279c6d ubtn-block\"  data-hover=\"#ffffff\" data-border-color=\"\" data-bg=\"#dddddd\" data-hover-bg=\"#1d3386\" data-border-hover=\"\" data-shadow-hover=\"\" data-shadow-click=\"none\" data-shadow=\"\" data-shd-shadow=\"\"  data-ultimate-target='#ubtn-5088'  data-responsive-json-new='{\"font-size\":\"desktop:16px;\",\"line-height\":\"desktop:22px;\"}'  style=\"font-weight:bold;border:none;background: #dddddd;color: #565656;\"><span class=\"ubtn-hover\" style=\"background-color:#1d3386\"><\/span><span class=\"ubtn-data ubtn-text\" >Visit web page<\/span><\/button><\/a><\/div><div class=\"vc_empty_space\"   style=\"height: 10px\"><span class=\"vc_empty_space_inner\"><\/span><\/div><\/div><\/div><\/div><\/div><!-- Row Backgrounds --><div class=\"upb_color\" data-bg-override=\"ex-full\" data-bg-color=\"#efefef\" data-fadeout=\"\" data-fadeout-percentage=\"30\" data-parallax-content=\"\" data-parallax-content-sense=\"30\" data-row-effect-mobile-disable=\"true\" data-img-parallax-mobile-disable=\"true\" data-rtl=\"false\"  data-custom-vc-row=\"\"  data-vc=\"6.8.0\"  data-is_old_vc=\"\"  data-theme-support=\"\"   data-overlay=\"false\" data-overlay-color=\"\" data-overlay-pattern=\"\" data-overlay-pattern-opacity=\"\" data-overlay-pattern-size=\"\"    ><\/div><div data-vc-full-width=\"true\" data-vc-full-width-init=\"false\" class=\"vc_row wpb_row vc_row-fluid vc_column-gap-35 vc_row-o-equal-height vc_row-o-content-middle vc_row-flex\"><div class=\"wpb_column vc_column_container vc_col-sm-12 vc_col-has-fill\"><div class=\"vc_column-inner vc_custom_1648077441377\"><div class=\"wpb_wrapper\"><div class=\"vc_empty_space\"   style=\"height: 20px\"><span class=\"vc_empty_space_inner\"><\/span><\/div><div class=\"vc_row wpb_row vc_inner vc_row-fluid vc_row-o-equal-height vc_row-o-content-middle vc_row-flex\"><div class=\"wpb_column vc_column_container vc_col-sm-2\/5\"><div class=\"vc_column-inner\"><div class=\"wpb_wrapper\">\n\t<div class=\"wpb_text_column wpb_content_element  vc_custom_1649267254975\" >\n\t\t<div class=\"wpb_wrapper\">\n\t\t\t<h1><span style=\"color: #f7f7f7;\">Suscribe for<\/span><br \/>\n<span style=\"color: #f7f7f7;\">newsletter<\/span><\/h1>\n\n\t\t<\/div>\n\t<\/div>\n<div class=\"vc_separator wpb_content_element vc_separator_align_center vc_sep_width_20 vc_sep_border_width_3 vc_sep_pos_align_left vc_separator_no_text  wpb_animate_when_almost_visible wpb_fadeInLeft fadeInLeft wpb_animate_when_almost_visible wpb_fadeInLeft fadeInLeft\" ><span class=\"vc_sep_holder vc_sep_holder_l\"><span  style=\"border-color:#87efdb;\" class=\"vc_sep_line\"><\/span><\/span><span class=\"vc_sep_holder vc_sep_holder_r\"><span  style=\"border-color:#87efdb;\" class=\"vc_sep_line\"><\/span><\/span>\n<\/div>\n\t<div class=\"wpb_text_column wpb_content_element\" >\n\t\t<div class=\"wpb_wrapper\">\n\t\t\t<p style=\"text-align: left;\"><span style=\"color: #f7f7f7;\">Updates, tips, news and more.<\/span><\/p>\n\n\t\t<\/div>\n\t<\/div>\n<\/div><\/div><\/div><div class=\"wpb_column vc_column_container vc_col-sm-3\/5\"><div class=\"vc_column-inner\"><div class=\"wpb_wrapper\">\n<div class=\"wpcf7 no-js\" id=\"wpcf7-f5-o1\" lang=\"es-MX\" dir=\"ltr\">\n<div class=\"screen-reader-response\"><p role=\"status\" aria-live=\"polite\" aria-atomic=\"true\"><\/p> <ul><\/ul><\/div>\n<form action=\"\/en\/wp-json\/wp\/v2\/pages\/435#wpcf7-f5-o1\" method=\"post\" class=\"wpcf7-form init\" aria-label=\"Formulario de contacto\" novalidate=\"novalidate\" data-status=\"init\" data-trp-original-action=\"\/en\/wp-json\/wp\/v2\/pages\/435#wpcf7-f5-o1\">\n<div style=\"display: none;\">\n<input type=\"hidden\" name=\"_wpcf7\" value=\"5\" \/>\n<input type=\"hidden\" name=\"_wpcf7_version\" value=\"5.9.8\" \/>\n<input type=\"hidden\" name=\"_wpcf7_locale\" value=\"es_MX\" \/>\n<input type=\"hidden\" name=\"_wpcf7_unit_tag\" value=\"wpcf7-f5-o1\" \/>\n<input type=\"hidden\" name=\"_wpcf7_container_post\" value=\"0\" \/>\n<input type=\"hidden\" name=\"_wpcf7_posted_data_hash\" value=\"\" \/>\n<input type=\"hidden\" name=\"_wpcf7_recaptcha_response\" value=\"\" \/>\n<\/div>\n<div class=\"vc_col-sm-6\">\n\t<p><span class=\"wpcf7-form-control-wrap\" data-name=\"your-name\"><input size=\"40\" maxlength=\"400\" class=\"wpcf7-form-control wpcf7-text wpcf7-validates-as-required\" aria-required=\"true\" aria-invalid=\"false\" placeholder=\"Name*\" value=\"\" type=\"text\" name=\"your-name\" \/><\/span>\n\t<\/p>\n<\/div>\n<div class=\"vc_col-sm-6\">\n\t<p><span class=\"wpcf7-form-control-wrap\" data-name=\"your-email\"><input size=\"40\" maxlength=\"400\" class=\"wpcf7-form-control wpcf7-email wpcf7-validates-as-required wpcf7-text wpcf7-validates-as-email\" aria-required=\"true\" aria-invalid=\"false\" placeholder=\"E-mail*\" value=\"\" type=\"email\" name=\"your-email\" \/><\/span>\n\t<\/p>\n<\/div>\n<div class=\"vc_col-sm-12\">\n\t<p><span class=\"wpcf7-form-control-wrap\" data-name=\"acceptance-933\"><span class=\"wpcf7-form-control wpcf7-acceptance\"><span class=\"wpcf7-list-item\"><label><input type=\"checkbox\" name=\"acceptance-933\" value=\"1\" aria-invalid=\"false\" \/><span class=\"wpcf7-list-item-label\">I agree to the <a href=\"https:\/\/www.periferiq.com\/en\/aviso-de-privacidad\/\" target=\"_blank\" rel=\"noopener\">Terms and Conditions<\/a><\/span><\/label><\/span><\/span><\/span>\n\t<\/p>\n<\/div>\n<div class=\"vc_col-sm-12\">\n<div class=\"wpcf7-response-output\" aria-hidden=\"true\"><\/div>\n<\/div>\n<span class=\"wpcf7-form-control-wrap recaptcha\" data-name=\"recaptcha\"><span data-sitekey=\"6Lev_KYpAAAAABYzOBrjWmO0eAyT7_G7KkuUUvcP\" class=\"wpcf7-form-control wpcf7-recaptcha g-recaptcha\"><\/span>\r\n<noscript>\r\n\t<div class=\"grecaptcha-noscript\">\r\n\t\t<iframe loading=\"lazy\" src=\"https:\/\/www.google.com\/recaptcha\/api\/fallback?k=6Lev_KYpAAAAABYzOBrjWmO0eAyT7_G7KkuUUvcP\" frameborder=\"0\" scrolling=\"no\" width=\"310\" height=\"430\">\r\n\t\t<\/iframe>\r\n\t\t<textarea name=\"g-recaptcha-response\" rows=\"3\" cols=\"40\" placeholder=\"Aqu\u00ed la respuesta de reCAPTCHA\">\r\n\t\t<\/textarea>\r\n\t<\/div>\r\n<\/noscript>\r\n<\/span>\n<div class=\"vc_col-sm-12\" id=\"moverbotonsuscribete\">\n\t<p><input class=\"wpcf7-form-control wpcf7-submit has-spinner\" type=\"submit\" value=\"SEND\" \/>\n\t<\/p>\n<\/div><input type='hidden' class='wpcf7-pum' value='{\"closepopup\":false,\"closedelay\":0,\"openpopup\":false,\"openpopup_id\":0}' \/>\n<input type=\"hidden\" name=\"trp-form-language\" value=\"en\"\/><\/form>\n<\/div>\n<\/div><\/div><\/div><\/div><div class=\"vc_empty_space\"   style=\"height: 20px\"><span class=\"vc_empty_space_inner\"><\/span><\/div><\/div><\/div><\/div><\/div><div class=\"vc_row-full-width vc_clearfix\"><\/div><!-- Row Backgrounds --><div class=\"upb_bg_img\" data-ultimate-bg=\"url(https:\/\/www.periferiq.com\/wp-content\/uploads\/2022\/05\/Banner-suscri\u0301bete-min.jpeg)\" data-image-id=\"id^911|url^http:\/\/www.periferiq.com\/wp-content\/uploads\/2022\/05\/Banner-suscri\u0301bete-min.jpeg|caption^null|alt^null|title^Banner-suscri\u0301bete-min|description^null\" data-ultimate-bg-style=\"vcpb-default\" data-bg-img-repeat=\"repeat\" data-bg-img-size=\"cover\" data-bg-img-position=\"\" data-parallx_sense=\"30\" data-bg-override=\"ex-full\" data-bg_img_attach=\"fixed\" data-upb-overlay-color=\"\" data-upb-bg-animation=\"\" data-fadeout=\"\" data-bg-animation=\"left-animation\" data-bg-animation-type=\"h\" data-animation-repeat=\"repeat\" data-fadeout-percentage=\"30\" data-parallax-content=\"\" data-parallax-content-sense=\"30\" data-row-effect-mobile-disable=\"true\" data-img-parallax-mobile-disable=\"true\" data-rtl=\"false\"  data-custom-vc-row=\"\"  data-vc=\"6.8.0\"  data-is_old_vc=\"\"  data-theme-support=\"\"   data-overlay=\"false\" data-overlay-color=\"\" data-overlay-pattern=\"\" data-overlay-pattern-opacity=\"\" data-overlay-pattern-size=\"\"    ><\/div>","protected":false},"excerpt":{"rendered":"<p>SISTEMAS DE ENFRIAMENTO Innovaci\u00f3n en enfriamiento industrial Controlamos la Temperatura de tu M\u00e1quina Evite paros y fallas en sus Equipos CNC, por inconvenientes relacionados con el calor. En Periferiq le ofrecemos Sistemas de Enfriamiento de alta tecnolog\u00eda garantizando una operaci\u00f3n libre de fallas, manteniendo su gabinete a \u00f3ptima temperatura, libre de calor, humedad, polvos y&hellip;<\/p>","protected":false},"author":1,"featured_media":0,"parent":0,"menu_order":0,"comment_status":"closed","ping_status":"closed","template":"","meta":{"_joinchat":[],"footnotes":""},"class_list":["post-435","page","type-page","status-publish","hentry","description-off"],"aioseo_notices":[],"_links":{"self":[{"href":"https:\/\/www.periferiq.com\/en\/wp-json\/wp\/v2\/pages\/435","targetHints":{"allow":["GET"]}}],"collection":[{"href":"https:\/\/www.periferiq.com\/en\/wp-json\/wp\/v2\/pages"}],"about":[{"href":"https:\/\/www.periferiq.com\/en\/wp-json\/wp\/v2\/types\/page"}],"author":[{"embeddable":true,"href":"https:\/\/www.periferiq.com\/en\/wp-json\/wp\/v2\/users\/1"}],"replies":[{"embeddable":true,"href":"https:\/\/www.periferiq.com\/en\/wp-json\/wp\/v2\/comments?post=435"}],"version-history":[{"count":26,"href":"https:\/\/www.periferiq.com\/en\/wp-json\/wp\/v2\/pages\/435\/revisions"}],"predecessor-version":[{"id":1049,"href":"https:\/\/www.periferiq.com\/en\/wp-json\/wp\/v2\/pages\/435\/revisions\/1049"}],"wp:attachment":[{"href":"https:\/\/www.periferiq.com\/en\/wp-json\/wp\/v2\/media?parent=435"}],"curies":[{"name":"wp","href":"https:\/\/api.w.org\/{rel}","templated":true}]}}