{"id":1393,"date":"2023-05-30T21:51:17","date_gmt":"2023-05-30T21:51:17","guid":{"rendered":"https:\/\/www.periferiq.com\/?page_id=1393"},"modified":"2023-05-31T23:32:51","modified_gmt":"2023-05-31T23:32:51","slug":"accustrip-modelo-hpu","status":"publish","type":"page","link":"https:\/\/www.periferiq.com\/es\/accustrip-modelo-hpu\/","title":{"rendered":"Accustrip Modelo HPU"},"content":{"rendered":"<div class=\"vc_row wpb_row vc_row-fluid dt-default\" style=\"margin-top: 0px;margin-bottom: 0px\"><div class=\"wpb_column vc_column_container vc_col-sm-12\"><div class=\"vc_column-inner\"><div class=\"wpb_wrapper\">\n\t\t\t<!-- START Slider 1 11 1 REVOLUTION SLIDER 6.5.19 --><p class=\"rs-p-wp-fix\"><\/p>\n\t\t\t<rs-module-wrap id=\"rev_slider_14_1_wrapper\" data-source=\"gallery\" style=\"visibility:hidden;background:transparent;padding:0;margin:0px auto;margin-top:0;margin-bottom:0;\">\n\t\t\t\t<rs-module id=\"rev_slider_14_1\" style=\"\" data-version=\"6.5.19\">\n\t\t\t\t\t<rs-slides>\n\t\t\t\t\t\t<rs-slide style=\"position: absolute;\" data-key=\"rs-47\" data-title=\"Slide\" data-anim=\"ms:10;\" data-in=\"o:1;\" data-out=\"a:false;\">\n\t\t\t\t\t\t\t<img loading=\"lazy\" decoding=\"async\" src=\"\/\/www.periferiq.com\/wp-content\/plugins\/revslider\/public\/assets\/assets\/dummy.png\" alt=\"\" title=\"Principal_compressed_47.jpeg\" width=\"720\" height=\"258\" class=\"rev-slidebg tp-rs-img rs-lazyload\" data-lazyload=\"\/\/www.periferiq.com\/wp-content\/uploads\/revslider\/video-media\/Principal_compressed_47.jpeg\" data-no-retina>\n\t\t\t\t\t\t\t<rs-bgvideo \n\t\t\t\t\t\t\t\tdata-video=\"w:100%;h:100%;nse:false;l:true;ptimer:false;vfc:true;\"\n\t\t\t\t\t\t\t\tdata-mp4=\"\/\/www.periferiq.com\/wp-content\/uploads\/2023\/05\/Principal_compressed.mp4\"\n\t\t\t\t\t\t\t><\/rs-bgvideo>\n<!--\n\t\t\t\t\t\t\t--><rs-layer\n\t\t\t\t\t\t\t\tid=\"slider-14-slide-47-layer-0\" \n\t\t\t\t\t\t\t\tdata-type=\"image\"\n\t\t\t\t\t\t\t\tdata-rsp_ch=\"on\"\n\t\t\t\t\t\t\t\tdata-xy=\"xo:102px,84px,63px,38px;yo:20px,16px,12px,7px;\"\n\t\t\t\t\t\t\t\tdata-text=\"w:normal;s:20,16,12,7;l:0,20,15,9;\"\n\t\t\t\t\t\t\t\tdata-dim=\"w:345.99300000000005px,284px,215px,132px;h:458px,378px,287px,177px;\"\n\t\t\t\t\t\t\t\tdata-frame_1=\"sR:10;\"\n\t\t\t\t\t\t\t\tdata-frame_999=\"o:0;st:w;sR:6200;\"\n\t\t\t\t\t\t\t\tstyle=\"z-index:8;\"\n\t\t\t\t\t\t\t><img loading=\"lazy\" decoding=\"async\" src=\"\/\/www.periferiq.com\/wp-content\/plugins\/revslider\/public\/assets\/assets\/dummy.png\" alt=\"\" class=\"tp-rs-img rs-lazyload\" width=\"604\" height=\"800\" data-lazyload=\"\/\/www.periferiq.com\/wp-content\/uploads\/2023\/05\/accustrip_maquina2.png\" data-no-retina> \n\t\t\t\t\t\t\t<\/rs-layer><!--\n\n\t\t\t\t\t\t\t--><rs-layer\n\t\t\t\t\t\t\t\tid=\"slider-14-slide-47-layer-1\" \n\t\t\t\t\t\t\t\tdata-type=\"image\"\n\t\t\t\t\t\t\t\tdata-rsp_ch=\"on\"\n\t\t\t\t\t\t\t\tdata-xy=\"xo:470px,388px,294px,181px;yo:121px,99px,75px,46px;\"\n\t\t\t\t\t\t\t\tdata-text=\"w:normal;s:20,16,12,7;l:0,20,15,9;\"\n\t\t\t\t\t\t\t\tdata-dim=\"w:724px,597px,453px,279px;h:263px,217px,164px,101px;\"\n\t\t\t\t\t\t\t\tdata-frame_999=\"o:0;st:w;\"\n\t\t\t\t\t\t\t\tstyle=\"z-index:9;\"\n\t\t\t\t\t\t\t><img loading=\"lazy\" decoding=\"async\" src=\"\/\/www.periferiq.com\/wp-content\/plugins\/revslider\/public\/assets\/assets\/dummy.png\" alt=\"\" class=\"tp-rs-img rs-lazyload\" width=\"1536\" height=\"557\" data-lazyload=\"\/\/www.periferiq.com\/wp-content\/uploads\/2023\/07\/encabezado_text2.png\" data-no-retina> \n\t\t\t\t\t\t\t<\/rs-layer><!--\n-->\t\t\t\t\t\t<\/rs-slide>\n\t\t\t\t\t<\/rs-slides>\n\t\t\t\t<\/rs-module>\n\t\t\t\t<script>\n\t\t\t\t\tsetREVStartSize({c: 'rev_slider_14_1',rl:[1240,1024,778,480],el:[500,500,500,500],gw:[1240,1024,778,480],gh:[500,500,500,500],type:'standard',justify:'',layout:'fullwidth',mh:\"0\"});if (window.RS_MODULES!==undefined && window.RS_MODULES.modules!==undefined && window.RS_MODULES.modules[\"revslider141\"]!==undefined) {window.RS_MODULES.modules[\"revslider141\"].once = false;window.revapi14 = undefined;if (window.RS_MODULES.checkMinimal!==undefined) window.RS_MODULES.checkMinimal()}\n\t\t\t\t<\/script>\n\t\t\t<\/rs-module-wrap>\n\t\t\t<!-- END REVOLUTION SLIDER -->\n<\/div><\/div><\/div><\/div><div class=\"vc_row wpb_row vc_row-fluid dt-default\" style=\"margin-top: 0px;margin-bottom: 0px\"><div class=\"wpb_column vc_column_container vc_col-sm-12\"><div class=\"vc_column-inner\"><div class=\"wpb_wrapper\"><div class=\"vc_empty_space\"   style=\"height: 32px\"><span class=\"vc_empty_space_inner\"><\/span><\/div><\/div><\/div><\/div><\/div><div class=\"vc_row wpb_row vc_row-fluid dt-default\" style=\"margin-top: 0px;margin-bottom: 0px\"><div class=\"wpb_animate_when_almost_visible wpb_fadeInRight fadeInRight wpb_column vc_column_container vc_col-sm-6\"><div class=\"vc_column-inner\"><div class=\"wpb_wrapper\">\n\t<div class=\"wpb_text_column wpb_content_element  vc_custom_1685373871592\" >\n\t\t<div class=\"wpb_wrapper\">\n\t\t\t<h1>ACCUSTRIP HPU<\/h1>\n\n\t\t<\/div>\n\t<\/div>\n<div class=\"vc_separator wpb_content_element vc_separator_align_center vc_sep_width_20 vc_sep_border_width_3 vc_sep_pos_align_left vc_separator_no_text  wpb_animate_when_almost_visible wpb_fadeInLeft fadeInLeft wpb_animate_when_almost_visible wpb_fadeInLeft fadeInLeft\" ><span class=\"vc_sep_holder vc_sep_holder_l\"><span  style=\"border-color:#002f87;\" class=\"vc_sep_line\"><\/span><\/span><span class=\"vc_sep_holder vc_sep_holder_r\"><span  style=\"border-color:#002f87;\" class=\"vc_sep_line\"><\/span><\/span>\n<\/div>\n\t<div class=\"wpb_text_column wpb_content_element  vc_custom_1685373888743\" >\n\t\t<div class=\"wpb_wrapper\">\n\t\t\t<p style=\"text-align: left; font-size: 16px; font-weight: 500;\"><span style=\"color: #999999;\"><strong>Optimice el suministro de refrigerante y prolongue la vida \u00fatil de su m\u00e1quina CNC.<\/strong><\/span><\/p>\n\n\t\t<\/div>\n\t<\/div>\n\n\t<div class=\"wpb_text_column wpb_content_element  vc_custom_1685373909680\" >\n\t\t<div class=\"wpb_wrapper\">\n\t\t\t<p>La Unidad de Filtraci\u00f3n y Alta Presi\u00f3n de Accustrip proporciona un dep\u00f3sito de la m\u00e1quina constantemente limpio y templado mediante el enjuague continuo y la aspiraci\u00f3n de las part\u00edculas secundarias fuera del dep\u00f3sito y hacia el proceso de filtrado autom\u00e1tico, lo que se traduce en un ahorro de costes.<\/p>\n<p>Con la Unidad de Alta Presi\u00f3n (HPU) de Accustrip, obtendr\u00e1 filtrado y alta presi\u00f3n en una sola unidad. Incluye todo lo necesario para un suministro optimizado de refrigerante a su l\u00ednea de proceso. Una unidad de filtraci\u00f3n de refrigerante para m\u00e1quinas herramienta de primera clase. Adem\u00e1s, es f\u00e1cil de implementar en su l\u00ednea existente.<\/p>\n\n\t\t<\/div>\n\t<\/div>\n\n\t<div class=\"wpb_text_column wpb_content_element  vc_custom_1685374354604\" >\n\t\t<div class=\"wpb_wrapper\">\n\t\t\t<p style=\"text-align: left; font-size: 16px; font-weight: 500;\"><span style=\"color: #999999;\"><strong>Mantenga limpio el dep\u00f3sito de su m\u00e1quina y la zona de fabricaci\u00f3n con la unidad de alta presi\u00f3n y filtraci\u00f3n de Accustrip HPU<\/strong><\/span><\/p>\n\n\t\t<\/div>\n\t<\/div>\n\n\t<div class=\"wpb_text_column wpb_content_element  vc_custom_1685375151812\" >\n\t\t<div class=\"wpb_wrapper\">\n\t\t\t<ul>\n<li>\u00d3ptima para cualquier m\u00e1quina CNC, de f\u00e1cil instalaci\u00f3n que adaptarse a cualquier necesidad.<\/li>\n<li>Alta presi\u00f3n para cualquier herramienta de su biblioteca.<\/li>\n<\/ul>\n\n\t\t<\/div>\n\t<\/div>\n<\/div><\/div><\/div><div class=\"wpb_column vc_column_container vc_col-sm-6\"><div class=\"vc_column-inner\"><div class=\"wpb_wrapper\">\n\t<div  class=\"wpb_single_image wpb_content_element vc_align_center\">\n\t\t\n\t\t<figure class=\"wpb_wrapper vc_figure\">\n\t\t\t<div class=\"vc_single_image-wrapper   vc_box_border_grey\"><img loading=\"lazy\" decoding=\"async\" width=\"535\" height=\"547\" src=\"https:\/\/www.periferiq.com\/wp-content\/uploads\/2023\/05\/imagendecomparacion.png\" class=\"vc_single_image-img attachment-full\" alt=\"\" title=\"Accustrip\"  data-dt-location=\"https:\/\/www.periferiq.com\/es\/accustrip-modelo-hpu\/imagendecomparacion\/\" \/><\/div>\n\t\t<\/figure>\n\t<\/div>\n<\/div><\/div><\/div><\/div><div class=\"vc_row wpb_row vc_row-fluid vc_custom_1685396497124 vc_row-has-fill\"><div class=\"wpb_column vc_column_container vc_col-sm-3 vc_col-has-fill\"><div class=\"vc_column-inner vc_custom_1685396517795\"><div class=\"wpb_wrapper\">\n\t<div class=\"wpb_text_column wpb_content_element  porcentaje\" >\n\t\t<div class=\"wpb_wrapper\">\n\t\t\t<p class=\"p1\"><span class=\"s1\">         \n              <div class=\"wen-skill-charts-wrap\">\n          \n    <div class=\"wen-skill-circle\" id=\"wsc-1470-69f13ef689381\">\n                      <div class=\"skill-wrap\">\n                    <div class=\"skill-title\">LIMPIEZA<\/div>\n                              <div class=\"skill-circle-wrap\" data-percent=\"95\" data-barcolor=\"#46d3fe\">\n                          <span class=\"skill-percentage\" style=\"color:#111111;\"><\/span>\n                      <\/div>\n                              <div class=\"skill-description\">Reduce los procedimientos de limpieza en un 95%.<\/div>\n          \n        <\/div>\n          <\/div><!-- .wen-skill-bar -->\n    <script>\n      jQuery(document).ready(function($){\n        $('#wsc-1470-69f13ef689381').appear();\n        $(document.body).on('appear', '#wsc-1470-69f13ef689381', function(e, affected) {\n          $( '.skill-circle-wrap', '#wsc-1470-69f13ef689381' ).each(function(i, elem ){\n            $(this).easyPieChart({\n              easing: 'easeOutBounce',\n              lineWidth: '10',\n              animate: 1500,\n              scaleColor: false,\n              trackWidth:'10',\n              size: '200',\n              lineCap: 'round',\n              trackColor: '#ffffff',\n              barColor: $(this).data('barcolor'),\n              onStep: function(from, to, percent) {\n                $(this.el).find('.skill-percentage').text(Math.round(percent));\n              },\n              onStart: function(from, to) {\n                $(this.el).find('.skill-percentage').fadeIn();\n              }\n            });\n          });\n        }); \/\/end appear\n      });\n    <\/script>\n            <\/div> <!-- .wsc-skill -->\n         <\/span><\/p>\n\n\t\t<\/div>\n\t<\/div>\n<\/div><\/div><\/div><div class=\"wpb_column vc_column_container vc_col-sm-3\"><div class=\"vc_column-inner\"><div class=\"wpb_wrapper\">\n\t<div class=\"wpb_text_column wpb_content_element  porcentaje\" >\n\t\t<div class=\"wpb_wrapper\">\n\t\t\t<p class=\"p1\"><span class=\"s1\">         \n              <div class=\"wen-skill-charts-wrap\">\n          \n    <div class=\"wen-skill-circle\" id=\"wsc-1480-69f13ef6899ac\">\n                      <div class=\"skill-wrap\">\n                    <div class=\"skill-title\">HERRAMIENTAS<\/div>\n                              <div class=\"skill-circle-wrap\" data-percent=\"20\" data-barcolor=\"#46d3fe\">\n                          <span class=\"skill-percentage\" style=\"color:#111111;\"><\/span>\n                      <\/div>\n                              <div class=\"skill-description\">Aumenta la vida \u00fatil en un 20%.<\/div>\n          \n        <\/div>\n          <\/div><!-- .wen-skill-bar -->\n    <script>\n      jQuery(document).ready(function($){\n        $('#wsc-1480-69f13ef6899ac').appear();\n        $(document.body).on('appear', '#wsc-1480-69f13ef6899ac', function(e, affected) {\n          $( '.skill-circle-wrap', '#wsc-1480-69f13ef6899ac' ).each(function(i, elem ){\n            $(this).easyPieChart({\n              easing: 'easeOutBounce',\n              lineWidth: '10',\n              animate: 1500,\n              scaleColor: false,\n              trackWidth:'10',\n              size: '200',\n              lineCap: 'round',\n              trackColor: '#ffffff',\n              barColor: $(this).data('barcolor'),\n              onStep: function(from, to, percent) {\n                $(this.el).find('.skill-percentage').text(Math.round(percent));\n              },\n              onStart: function(from, to) {\n                $(this.el).find('.skill-percentage').fadeIn();\n              }\n            });\n          });\n        }); \/\/end appear\n      });\n    <\/script>\n            <\/div> <!-- .wsc-skill -->\n         <\/span><\/p>\n\n\t\t<\/div>\n\t<\/div>\n<\/div><\/div><\/div><div class=\"wpb_column vc_column_container vc_col-sm-3\"><div class=\"vc_column-inner\"><div class=\"wpb_wrapper\">\n\t<div class=\"wpb_text_column wpb_content_element  porcentaje\" >\n\t\t<div class=\"wpb_wrapper\">\n\t\t\t<p class=\"p1\"><span class=\"s1\">         \n              <div class=\"wen-skill-charts-wrap\">\n          \n    <div class=\"wen-skill-circle\" id=\"wsc-1482-69f13ef689fc8\">\n                      <div class=\"skill-wrap\">\n                    <div class=\"skill-title\">SOLUBLE<\/div>\n                              <div class=\"skill-circle-wrap\" data-percent=\"70\" data-barcolor=\"#46d3fe\">\n                          <span class=\"skill-percentage\" style=\"color:#111111;\"><\/span>\n                      <\/div>\n                              <div class=\"skill-description\">Reduce la emulsi\u00f3n refrigerante en un 70%.<\/div>\n          \n        <\/div>\n          <\/div><!-- .wen-skill-bar -->\n    <script>\n      jQuery(document).ready(function($){\n        $('#wsc-1482-69f13ef689fc8').appear();\n        $(document.body).on('appear', '#wsc-1482-69f13ef689fc8', function(e, affected) {\n          $( '.skill-circle-wrap', '#wsc-1482-69f13ef689fc8' ).each(function(i, elem ){\n            $(this).easyPieChart({\n              easing: 'easeOutBounce',\n              lineWidth: '10',\n              animate: 1500,\n              scaleColor: false,\n              trackWidth:'10',\n              size: '200',\n              lineCap: 'round',\n              trackColor: '#ffffff',\n              barColor: $(this).data('barcolor'),\n              onStep: function(from, to, percent) {\n                $(this.el).find('.skill-percentage').text(Math.round(percent));\n              },\n              onStart: function(from, to) {\n                $(this.el).find('.skill-percentage').fadeIn();\n              }\n            });\n          });\n        }); \/\/end appear\n      });\n    <\/script>\n            <\/div> <!-- .wsc-skill -->\n         <\/span><\/p>\n\n\t\t<\/div>\n\t<\/div>\n<\/div><\/div><\/div><div class=\"wpb_column vc_column_container vc_col-sm-3\"><div class=\"vc_column-inner\"><div class=\"wpb_wrapper\">\n\t<div class=\"wpb_text_column wpb_content_element  porcentaje\" >\n\t\t<div class=\"wpb_wrapper\">\n\t\t\t<p class=\"p1\"><span class=\"s1\">         \n              <div class=\"wen-skill-charts-wrap\">\n          \n    <div class=\"wen-skill-circle\" id=\"wsc-1484-69f13ef68a5ed\">\n                      <div class=\"skill-wrap\">\n                    <div class=\"skill-title\">PROTEGE<\/div>\n                              <div class=\"skill-circle-wrap\" data-percent=\"99\" data-barcolor=\"#46d3fe\">\n                          <span class=\"skill-percentage\" style=\"color:#111111;\"><\/span>\n                      <\/div>\n                              <div class=\"skill-description\">Protege el husillo, herramientas y piezas en un 99%.<\/div>\n          \n        <\/div>\n          <\/div><!-- .wen-skill-bar -->\n    <script>\n      jQuery(document).ready(function($){\n        $('#wsc-1484-69f13ef68a5ed').appear();\n        $(document.body).on('appear', '#wsc-1484-69f13ef68a5ed', function(e, affected) {\n          $( '.skill-circle-wrap', '#wsc-1484-69f13ef68a5ed' ).each(function(i, elem ){\n            $(this).easyPieChart({\n              easing: 'easeOutBounce',\n              lineWidth: '10',\n              animate: 1500,\n              scaleColor: false,\n              trackWidth:'10',\n              size: '200',\n              lineCap: 'round',\n              trackColor: '#ffffff',\n              barColor: $(this).data('barcolor'),\n              onStep: function(from, to, percent) {\n                $(this.el).find('.skill-percentage').text(Math.round(percent));\n              },\n              onStart: function(from, to) {\n                $(this.el).find('.skill-percentage').fadeIn();\n              }\n            });\n          });\n        }); \/\/end appear\n      });\n    <\/script>\n            <\/div> <!-- .wsc-skill -->\n         <\/span><\/p>\n\n\t\t<\/div>\n\t<\/div>\n<\/div><\/div><\/div><\/div><!-- Row Backgrounds --><div class=\"upb_color\" data-bg-override=\"ex-full\" data-bg-color=\"#002f87\" data-fadeout=\"\" data-fadeout-percentage=\"30\" data-parallax-content=\"\" data-parallax-content-sense=\"30\" data-row-effect-mobile-disable=\"true\" data-img-parallax-mobile-disable=\"true\" data-rtl=\"false\"  data-custom-vc-row=\"\"  data-vc=\"6.8.0\"  data-is_old_vc=\"\"  data-theme-support=\"\"   data-overlay=\"false\" data-overlay-color=\"\" data-overlay-pattern=\"\" data-overlay-pattern-opacity=\"\" data-overlay-pattern-size=\"\"    ><\/div><div class=\"vc_row wpb_row vc_row-fluid dt-default\" style=\"margin-top: 0px;margin-bottom: 0px\"><div class=\"wpb_column vc_column_container vc_col-sm-3\"><div class=\"vc_column-inner\"><div class=\"wpb_wrapper\"><\/div><\/div><\/div><div class=\"wpb_column vc_column_container vc_col-sm-3\"><div class=\"vc_column-inner\"><div class=\"wpb_wrapper\"><\/div><\/div><\/div><div class=\"wpb_column vc_column_container vc_col-sm-3\"><div class=\"vc_column-inner\"><div class=\"wpb_wrapper\"><\/div><\/div><\/div><div class=\"wpb_column vc_column_container vc_col-sm-3\"><div class=\"vc_column-inner\"><div class=\"wpb_wrapper\"><\/div><\/div><\/div><\/div><div class=\"vc_row wpb_row vc_row-fluid dt-default\" style=\"margin-top: 0px;margin-bottom: 0px\"><div class=\"wpb_column vc_column_container vc_col-sm-4\"><div class=\"vc_column-inner\"><div class=\"wpb_wrapper\">\n\t<div  class=\"wpb_single_image wpb_content_element vc_align_left  wpb_animate_when_almost_visible wpb_slideInRight slideInRight\">\n\t\t\n\t\t<figure class=\"wpb_wrapper vc_figure\">\n\t\t\t<div class=\"vc_single_image-wrapper vc_box_shadow  vc_box_border_grey\"><img loading=\"lazy\" decoding=\"async\" width=\"584\" height=\"347\" src=\"https:\/\/www.periferiq.com\/wp-content\/uploads\/2023\/05\/monoRecurso-4mono.png\" class=\"vc_single_image-img attachment-full\" alt=\"\" title=\"Configuraci\u00f3n de sus herramientas\"  data-dt-location=\"https:\/\/www.periferiq.com\/es\/accustrip-modelo-hpu\/monorecurso-4mono\/\" \/><\/div>\n\t\t<\/figure>\n\t<\/div>\n\n\t<div class=\"wpb_text_column wpb_content_element \" >\n\t\t<div class=\"wpb_wrapper\">\n\t\t\t<p>Guarde la configuraci\u00f3n de sus herramientas en la biblioteca con la presi\u00f3n \u00f3ptima y aseg\u00farese de que sea correcta cada vez que sea cada vez que sea necesario.<\/p>\n\n\t\t<\/div>\n\t<\/div>\n<\/div><\/div><\/div><div class=\"wpb_column vc_column_container vc_col-sm-4\"><div class=\"vc_column-inner\"><div class=\"wpb_wrapper\">\n\t<div  class=\"wpb_single_image wpb_content_element vc_align_left  wpb_animate_when_almost_visible wpb_slideInRight slideInRight\">\n\t\t\n\t\t<figure class=\"wpb_wrapper vc_figure\">\n\t\t\t<div class=\"vc_single_image-wrapper vc_box_shadow  vc_box_border_grey\"><img loading=\"lazy\" decoding=\"async\" width=\"585\" height=\"350\" src=\"https:\/\/www.periferiq.com\/wp-content\/uploads\/2023\/05\/blancoRecurso-5blanco.png\" class=\"vc_single_image-img attachment-full\" alt=\"\" title=\"Ciclo de limpieza\"  data-dt-location=\"https:\/\/www.periferiq.com\/es\/accustrip-modelo-hpu\/blancorecurso-5blanco\/\" \/><\/div>\n\t\t<\/figure>\n\t<\/div>\n\n\t<div class=\"wpb_text_column wpb_content_element \" >\n\t\t<div class=\"wpb_wrapper\">\n\t\t\t<p>El ciclo de limpieza y retrolavado s\u00f3lo tarda aprox. 5-8 segundos y luego los filtros vuelven a su plena capacidad de flujo.<\/p>\n\n\t\t<\/div>\n\t<\/div>\n<\/div><\/div><\/div><div class=\"wpb_column vc_column_container vc_col-sm-4\"><div class=\"vc_column-inner\"><div class=\"wpb_wrapper\">\n\t<div  class=\"wpb_single_image wpb_content_element vc_align_left  wpb_animate_when_almost_visible wpb_slideInRight slideInRight\">\n\t\t\n\t\t<figure class=\"wpb_wrapper vc_figure\">\n\t\t\t<div class=\"vc_single_image-wrapper vc_box_shadow  vc_box_border_grey\"><img loading=\"lazy\" decoding=\"async\" width=\"587\" height=\"354\" src=\"https:\/\/www.periferiq.com\/wp-content\/uploads\/2023\/05\/3Recurso-63.png\" class=\"vc_single_image-img attachment-full\" alt=\"\" title=\"Restos de rebaba\"  data-dt-location=\"https:\/\/www.periferiq.com\/es\/accustrip-modelo-hpu\/3recurso-63\/\" \/><\/div>\n\t\t<\/figure>\n\t<\/div>\n\n\t<div class=\"wpb_text_column wpb_content_element \" >\n\t\t<div class=\"wpb_wrapper\">\n\t\t\t<p>Todos los restos de rebaba se conducen al sistema de aspiraci\u00f3n, donde se enjuaga y se pasa al filtro de bolsa o al conveyor.<\/p>\n\n\t\t<\/div>\n\t<\/div>\n<\/div><\/div><\/div><\/div><div class=\"vc_row wpb_row vc_row-fluid vc_row-o-equal-height vc_row-flex\"><div class=\"wpb_column vc_column_container vc_col-sm-6\"><div class=\"vc_column-inner\"><div class=\"wpb_wrapper\">\n\t<div class=\"wpb_text_column wpb_content_element  vc_custom_1685487290993\" >\n\t\t<div class=\"wpb_wrapper\">\n\t\t\t<p style=\"text-align: left; font-size: 16px; font-weight: 500;\"><span style=\"color: #999999;\"><strong>Alta presi\u00f3n en la punta de su herramienta<\/strong><\/span><\/p>\n\n\t\t<\/div>\n\t<\/div>\n\n\t<div class=\"wpb_text_column wpb_content_element  vc_custom_1685541031730\" >\n\t\t<div class=\"wpb_wrapper\">\n\t\t\t<p>Ahorre tiempo con taladrado de alta velocidad y mejore su proceso gracias al refrigerante de alta presi\u00f3n como ayuda para su herramienta. La soluci\u00f3n din\u00e1mica de alta presi\u00f3n elimina la rebaba de la zona de trabajo y garantiza el control de la temperatura.<\/p>\n\n\t\t<\/div>\n\t<\/div>\n\n\t<div  class=\"wpb_single_image wpb_content_element vc_align_left\">\n\t\t\n\t\t<figure class=\"wpb_wrapper vc_figure\">\n\t\t\t<div class=\"vc_single_image-wrapper   vc_box_border_grey\"><img loading=\"lazy\" decoding=\"async\" width=\"300\" height=\"182\" src=\"https:\/\/www.periferiq.com\/wp-content\/uploads\/2023\/05\/finalRecurso-7final.png\" class=\"vc_single_image-img attachment-medium\" alt=\"\" title=\"\"  data-dt-location=\"https:\/\/www.periferiq.com\/es\/accustrip-modelo-hpu\/finalrecurso-7final\/\" \/><\/div>\n\t\t<\/figure>\n\t<\/div>\n<\/div><\/div><\/div><div class=\"wpb_column vc_column_container vc_col-sm-6\"><div class=\"vc_column-inner\"><div class=\"wpb_wrapper\">\n\t<div class=\"wpb_text_column wpb_content_element  vc_custom_1685542240437\" >\n\t\t<div class=\"wpb_wrapper\">\n\t\t\t<p style=\"text-align: left; font-size: 16px; font-weight: 500;\"><span style=\"color: #999999;\"><strong>Algunas de sus ventajas<\/strong><\/span><\/p>\n\n\t\t<\/div>\n\t<\/div>\n\n\t<div class=\"wpb_text_column wpb_content_element  vc_custom_1685542222400\" >\n\t\t<div class=\"wpb_wrapper\">\n\t\t\t<p><img loading=\"lazy\" decoding=\"async\" class=\"alignnone wp-image-1467\" src=\"https:\/\/www.periferiq.com\/wp-content\/uploads\/2023\/05\/puntosinfondo.png\" alt=\"\" width=\"19\" height=\"14\" \/> Unidad de Filtraci\u00f3n y Bomba de Refrigerante a Alta Presi\u00f3n<\/p>\n<p><img loading=\"lazy\" decoding=\"async\" class=\"alignnone wp-image-1467\" src=\"https:\/\/www.periferiq.com\/wp-content\/uploads\/2023\/05\/puntosinfondo.png\" alt=\"\" width=\"19\" height=\"14\" \/> Cuenta con sistema de autolimpieza para todos los materiales<\/p>\n<p><img loading=\"lazy\" decoding=\"async\" class=\"alignnone wp-image-1467\" src=\"https:\/\/www.periferiq.com\/wp-content\/uploads\/2023\/05\/puntosinfondo.png\" alt=\"\" width=\"19\" height=\"14\" \/> Caudal de soluble de 10 a 160 litros por minuto<\/p>\n<p><img loading=\"lazy\" decoding=\"async\" class=\"alignnone wp-image-1467\" src=\"https:\/\/www.periferiq.com\/wp-content\/uploads\/2023\/05\/puntosinfondo.png\" alt=\"\" width=\"19\" height=\"14\" \/> Filtraci\u00f3n hasta el 95% del soluble<\/p>\n<p><img loading=\"lazy\" decoding=\"async\" class=\"alignnone wp-image-1467\" src=\"https:\/\/www.periferiq.com\/wp-content\/uploads\/2023\/05\/puntosinfondo.png\" alt=\"\" width=\"19\" height=\"14\" \/> 10 a 15 micras de filtraci\u00f3n<\/p>\n\n\t\t<\/div>\n\t<\/div>\n<\/div><\/div><\/div><\/div><div class=\"vc_row wpb_row vc_row-fluid\"><div class=\"wpb_column vc_column_container vc_col-sm-12\"><div class=\"vc_column-inner\"><div class=\"wpb_wrapper\">\n\t<div  class=\"wpb_single_image wpb_content_element vc_align_center\">\n\t\t\n\t\t<figure class=\"wpb_wrapper vc_figure\">\n\t\t\t<div class=\"vc_single_image-wrapper   vc_box_border_grey\"><img loading=\"lazy\" decoding=\"async\" width=\"548\" height=\"326\" src=\"https:\/\/www.periferiq.com\/wp-content\/uploads\/2023\/05\/procesoRecurso-3preoceso.png\" class=\"vc_single_image-img attachment-full\" alt=\"\" title=\"Proceso\"  data-dt-location=\"https:\/\/www.periferiq.com\/es\/accustrip-modelo-hpu\/procesorecurso-3preoceso\/\" \/><\/div>\n\t\t<\/figure>\n\t<\/div>\n<\/div><\/div><\/div><\/div><!-- Row Backgrounds --><div class=\"upb_color\" data-bg-override=\"ex-full\" data-bg-color=\"#ffffff\" data-fadeout=\"\" data-fadeout-percentage=\"30\" data-parallax-content=\"\" data-parallax-content-sense=\"30\" data-row-effect-mobile-disable=\"true\" data-img-parallax-mobile-disable=\"true\" data-rtl=\"false\"  data-custom-vc-row=\"\"  data-vc=\"6.8.0\"  data-is_old_vc=\"\"  data-theme-support=\"\"   data-overlay=\"false\" data-overlay-color=\"\" data-overlay-pattern=\"\" data-overlay-pattern-opacity=\"\" data-overlay-pattern-size=\"\"    ><\/div>\n","protected":false},"excerpt":{"rendered":"<p>ACCUSTRIP HPU Optimice el suministro de refrigerante y prolongue la vida \u00fatil de su m\u00e1quina CNC. La Unidad de Filtraci\u00f3n y Alta Presi\u00f3n de Accustrip proporciona un dep\u00f3sito de la m\u00e1quina constantemente limpio y templado mediante el enjuague continuo y la aspiraci\u00f3n de las part\u00edculas secundarias fuera del dep\u00f3sito y hacia el proceso de filtrado&hellip;<\/p>\n","protected":false},"author":1,"featured_media":0,"parent":0,"menu_order":0,"comment_status":"closed","ping_status":"closed","template":"","meta":{"_joinchat":[],"footnotes":""},"class_list":["post-1393","page","type-page","status-publish","hentry","description-off"],"aioseo_notices":[],"_links":{"self":[{"href":"https:\/\/www.periferiq.com\/es\/wp-json\/wp\/v2\/pages\/1393","targetHints":{"allow":["GET"]}}],"collection":[{"href":"https:\/\/www.periferiq.com\/es\/wp-json\/wp\/v2\/pages"}],"about":[{"href":"https:\/\/www.periferiq.com\/es\/wp-json\/wp\/v2\/types\/page"}],"author":[{"embeddable":true,"href":"https:\/\/www.periferiq.com\/es\/wp-json\/wp\/v2\/users\/1"}],"replies":[{"embeddable":true,"href":"https:\/\/www.periferiq.com\/es\/wp-json\/wp\/v2\/comments?post=1393"}],"version-history":[{"count":75,"href":"https:\/\/www.periferiq.com\/es\/wp-json\/wp\/v2\/pages\/1393\/revisions"}],"predecessor-version":[{"id":1502,"href":"https:\/\/www.periferiq.com\/es\/wp-json\/wp\/v2\/pages\/1393\/revisions\/1502"}],"wp:attachment":[{"href":"https:\/\/www.periferiq.com\/es\/wp-json\/wp\/v2\/media?parent=1393"}],"curies":[{"name":"wp","href":"https:\/\/api.w.org\/{rel}","templated":true}]}}