{"id":1641,"date":"2024-03-27T18:54:03","date_gmt":"2024-03-27T12:54:03","guid":{"rendered":"https:\/\/www.periferiq.com\/?page_id=1641"},"modified":"2024-03-27T18:55:04","modified_gmt":"2024-03-27T12:55:04","slug":"smart-green-solutions","status":"publish","type":"page","link":"https:\/\/www.periferiq.com\/es\/smart-green-solutions\/","title":{"rendered":"Smart Green Solutions"},"content":{"rendered":"<div class=\"vc_row wpb_row vc_row-fluid dt-default\" style=\"margin-top: 0px;margin-bottom: 0px\"><div class=\"wpb_column vc_column_container vc_col-sm-12\"><div class=\"vc_column-inner\"><div class=\"wpb_wrapper\"><div class=\"vc_empty_space\"   style=\"height: 32px\"><span class=\"vc_empty_space_inner\"><\/span><\/div><\/div><\/div><\/div><\/div><div class=\"vc_row wpb_row vc_row-fluid vc_column-gap-35 vc_row-o-equal-height vc_row-o-content-middle vc_row-flex\"><div class=\"enfriamiento wpb_column vc_column_container vc_col-sm-6\"><div class=\"vc_column-inner\"><div class=\"wpb_wrapper\">\n\t<div class=\"wpb_text_column wpb_content_element  vc_custom_1711061076519\" >\n\t\t<div class=\"wpb_wrapper\">\n\t\t\t<h3><span style=\"color: #999999;\">SMART GREEN SOLUTIONS<\/span><\/h3>\n\n\t\t<\/div>\n\t<\/div>\n\n\t<div class=\"wpb_text_column wpb_content_element  vc_custom_1711061059563\" >\n\t\t<div class=\"wpb_wrapper\">\n\t\t\t<h1>Innovaci\u00f3n y Sostenibilidad en Maquinaria CNC<\/h1>\n\n\t\t<\/div>\n\t<\/div>\n<div class=\"vc_separator wpb_content_element vc_separator_align_center vc_sep_width_20 vc_sep_border_width_3 vc_sep_pos_align_left vc_separator_no_text  wpb_animate_when_almost_visible wpb_fadeInLeft fadeInLeft wpb_animate_when_almost_visible wpb_fadeInLeft fadeInLeft\" ><span class=\"vc_sep_holder vc_sep_holder_l\"><span  style=\"border-color:#002f87;\" class=\"vc_sep_line\"><\/span><\/span><span class=\"vc_sep_holder vc_sep_holder_r\"><span  style=\"border-color:#002f87;\" class=\"vc_sep_line\"><\/span><\/span>\n<\/div>\n\t<div class=\"wpb_text_column wpb_content_element \" >\n\t\t<div class=\"wpb_wrapper\">\n\t\t\t<p>Green Solutions es nuestra nueva l\u00ednea ecol\u00f3gica de perif\u00e9ricos dise\u00f1ada espec\u00edficamente para maquinaria CNC. Esta l\u00ednea forma parte de la prestigiosa marca PERIFERIQ by HEMAQ, conocida por su compromiso con la innovaci\u00f3n y la excelencia operativa.<\/p>\n\n\t\t<\/div>\n\t<\/div>\n<\/div><\/div><\/div><div class=\"enfriamientolado2 wpb_column vc_column_container vc_col-sm-6 vc_col-has-fill\"><div class=\"vc_column-inner vc_custom_1649271453971\"><div class=\"wpb_wrapper\"><div id=\"ult-carousel-172569452769ff2ecc02384\" class=\"ult-carousel-wrapper   ult_horizontal\" data-gutter=\"15\" data-rtl=\"false\" ><div class=\"ult-carousel-232255712869ff2ecc0235d \" ><div class=\"ult-item-wrap\" data-animation=\"animated no-animation\">\n\t<div  class=\"wpb_single_image wpb_content_element vc_align_center\">\n\t\t\n\t\t<figure class=\"wpb_wrapper vc_figure\">\n\t\t\t<div class=\"vc_single_image-wrapper   vc_box_border_grey\"><img loading=\"lazy\" decoding=\"async\" width=\"300\" height=\"251\" src=\"https:\/\/www.periferiq.com\/wp-content\/uploads\/2024\/03\/logo_negro2Recurso-2logo_negro2.png\" class=\"vc_single_image-img attachment-medium\" alt=\"\" title=\"Smart Green Solutions\"  data-dt-location=\"https:\/\/www.periferiq.com\/es\/smart-green-solutions\/logo_negro2recurso-2logo_negro2\/\" \/><\/div>\n\t\t<\/figure>\n\t<\/div>\n<\/div><\/div><\/div>\t\t\t<script type=\"text\/javascript\">\n\t\t\t\tjQuery(document).ready(function ($) {\n\t\t\t\t\tif( typeof jQuery('.ult-carousel-232255712869ff2ecc0235d').slick == \"function\"){\n\t\t\t\t\t\t$('.ult-carousel-232255712869ff2ecc0235d').slick({dots: false,autoplay: true,autoplaySpeed: 5000,speed: 300,infinite: true,arrows: false,slidesToScroll:1,slidesToShow:1,swipe: true,draggable: true,touchMove: true,pauseOnHover: true,pauseOnFocus: false,responsive: [\n\t\t\t\t\t\t\t{\n\t\t\t\t\t\t\t  breakpoint: 1026,\n\t\t\t\t\t\t\t  settings: {\n\t\t\t\t\t\t\t\tslidesToShow: 1,\n\t\t\t\t\t\t\t\tslidesToScroll: 1,  \n\t\t\t\t\t\t\t  }\n\t\t\t\t\t\t\t},\n\t\t\t\t\t\t\t{\n\t\t\t\t\t\t\t  breakpoint: 1025,\n\t\t\t\t\t\t\t  settings: {\n\t\t\t\t\t\t\t\tslidesToShow: 1,\n\t\t\t\t\t\t\t\tslidesToScroll: 1\n\t\t\t\t\t\t\t  }\n\t\t\t\t\t\t\t},\n\t\t\t\t\t\t\t{\n\t\t\t\t\t\t\t  breakpoint: 760,\n\t\t\t\t\t\t\t  settings: {\n\t\t\t\t\t\t\t\tslidesToShow: 1,\n\t\t\t\t\t\t\t\tslidesToScroll: 1\n\t\t\t\t\t\t\t  }\n\t\t\t\t\t\t\t}\n\t\t\t\t\t\t],pauseOnDotsHover: true,customPaging: function(slider, i) {\n                   return '<i type=\"button\" style= \"color:#333333;\" class=\"ultsl-record\" data-role=\"none\"><\/i>';\n                },});\n\t\t\t\t\t}\n\t\t\t\t});\n\t\t\t<\/script>\n\t\t\t<\/div><\/div><\/div><\/div><div class=\"vc_row wpb_row vc_row-fluid vc_row-o-equal-height vc_row-flex\"><div class=\"wpb_column vc_column_container vc_col-sm-6 vc_col-has-fill\"><div class=\"vc_column-inner vc_custom_1711062288389\"><div class=\"wpb_wrapper\">\n\t<div class=\"wpb_text_column wpb_content_element \" >\n\t\t<div class=\"wpb_wrapper\">\n\t\t\t<h3 style=\"color: white; font-size: 20px;\">Compromiso con el Medio Ambiente<\/h3>\n<div style=\"color: white;\"><strong>En PERIFERIQ by HEMAQ,<\/strong> tenemos un compromiso firme con la preservaci\u00f3n del medio ambiente. Creemos que la sostenibilidad y la eficiencia operativa no son mutuamente excluyentes, sino que pueden ir de la mano. Por eso, Green Solutions combina estas dos metas, ofreciendo productos que minimizan el impacto ambiental sin sacrificar el rendimiento.<\/div>\n\n\t\t<\/div>\n\t<\/div>\n<\/div><\/div><\/div><div class=\"wpb_column vc_column_container vc_col-sm-6 vc_col-has-fill\"><div class=\"vc_column-inner vc_custom_1711062862795\"><div class=\"wpb_wrapper\">\n\t<div class=\"wpb_text_column wpb_content_element \" >\n\t\t<div class=\"wpb_wrapper\">\n\t\t\t<h3 style=\"font-size: 20px;\">Tecnolog\u00eda y Materiales Ecol\u00f3gicos<\/h3>\n<div>Nuestros productos utilizan tecnolog\u00edas y materiales ecol\u00f3gicos para reducir la contaminaci\u00f3n y promover pr\u00e1cticas sostenibles. Con el apoyo de m\u00e1s de tres d\u00e9cadas de liderazgo en la industria, HEMAQ tiene la experiencia y el conocimiento para desarrollar soluciones innovadoras que satisfacen las demandas del mercado mientras contribuyen a la protecci\u00f3n y conservaci\u00f3n del medio ambiente.<\/div>\n\n\t\t<\/div>\n\t<\/div>\n<\/div><\/div><\/div><\/div><div class=\"vc_row wpb_row vc_row-fluid vc_row-o-equal-height vc_row-flex\"><div class=\"wpb_column vc_column_container vc_col-sm-6 vc_col-has-fill\"><div class=\"vc_column-inner vc_custom_1711062895721\"><div class=\"wpb_wrapper\">\n\t<div class=\"wpb_text_column wpb_content_element \" >\n\t\t<div class=\"wpb_wrapper\">\n\t\t\t<h3 style=\"font-size: 20px;\">Ventajas de Green Solutions<\/h3>\n<div>\n<p>Green Solutions ofrece una serie de beneficios significativos:<\/p>\n<ul>\n<li><strong>Prevenci\u00f3n de la Contaminaci\u00f3n por Metales Pesados:<\/strong> Nuestros productos ayudan a prevenir la contaminaci\u00f3n por metales pesados, protegiendo tanto a nuestros clientes como al medio ambiente.<\/li>\n<li><strong>Alarga Vida \u00datil:<\/strong> Nuestros sistemas de enfriamiento mejoran la vida \u00fatil de su m\u00e1quina.<\/li>\n<li><strong>Limpieza del Aire:<\/strong> Nuestros colectores de niebla (Mist Collector) limpian el aire de su planta y zona de producci\u00f3n, mejorando la calidad del aire y la salud de sus empleados.<\/li>\n<li><strong>Eficiencia Energ\u00e9tica y Reducci\u00f3n de Residuos:<\/strong> Nuestros productos apoyan la eficiencia energ\u00e9tica y la reducci\u00f3n de residuos, lo que puede resultar en ahorros significativos a largo plazo.<\/li>\n<\/ul>\n<\/div>\n\n\t\t<\/div>\n\t<\/div>\n<\/div><\/div><\/div><div class=\"wpb_column vc_column_container vc_col-sm-6 vc_col-has-fill\"><div class=\"vc_column-inner vc_custom_1711062935586\"><div class=\"wpb_wrapper\">\n\t<div class=\"wpb_text_column wpb_content_element \" >\n\t\t<div class=\"wpb_wrapper\">\n\t\t\t<h3 style=\"color: white; font-size: 20px;\">Educaci\u00f3n y Concienciaci\u00f3n<\/h3>\n<div style=\"color: white;\">Creemos que la educaci\u00f3n y la concienciaci\u00f3n son fundamentales para promover pr\u00e1cticas sostenibles. Por eso, nos esforzamos por informar a nuestros clientes sobre los beneficios de nuestras soluciones ecol\u00f3gicas y c\u00f3mo pueden contribuir a un futuro m\u00e1s limpio y saludable.Green Solutions es m\u00e1s que una l\u00ednea de productos; es una declaraci\u00f3n de nuestro compromiso con un futuro sostenible. Te invitamos a unirte a nosotros en este viaje hacia la sostenibilidad.<\/div>\n\n\t\t<\/div>\n\t<\/div>\n<\/div><\/div><\/div><\/div><div class=\"vc_row wpb_row vc_row-fluid dt-default\" style=\"margin-top: 0px;margin-bottom: 0px\"><div class=\"wpb_column vc_column_container vc_col-sm-12\"><div class=\"vc_column-inner\"><div class=\"wpb_wrapper\">\n\t<div class=\"wpb_text_column wpb_content_element \" >\n\t\t<div class=\"wpb_wrapper\">\n\t\t\t<p><img loading=\"lazy\" decoding=\"async\" class=\"alignnone size-full wp-image-1656 aligncenter\" src=\"https:\/\/www.periferiq.com\/wp-content\/uploads\/2024\/03\/collage_pagina.png\" alt=\"\" width=\"1920\" height=\"451\" \/><\/p>\n\n\t\t<\/div>\n\t<\/div>\n<\/div><\/div><\/div><\/div><div class=\"vc_row wpb_row vc_row-fluid dt-default\" style=\"margin-top: 0px;margin-bottom: 0px\"><div class=\"wpb_column vc_column_container vc_col-sm-12\"><div class=\"vc_column-inner\"><div class=\"wpb_wrapper\"><div class=\"vc_empty_space\"   style=\"height: 20px\"><span class=\"vc_empty_space_inner\"><\/span><\/div><\/div><\/div><\/div><\/div><div class=\"vc_row wpb_row vc_row-fluid vc_column-gap-35 vc_row-o-content-middle vc_row-flex\"><div class=\"wpb_column vc_column_container vc_col-sm-8\"><div class=\"vc_column-inner\"><div class=\"wpb_wrapper\"><div class=\"vc_empty_space\"   style=\"height: 32px\"><span class=\"vc_empty_space_inner\"><\/span><\/div>\n\t<div class=\"wpb_text_column wpb_content_element  vc_custom_1649265799870\" >\n\t\t<div class=\"wpb_wrapper\">\n\t\t\t<h3><span style=\"color: #999999;\">MAQUINARIA<\/span><\/h3>\n\n\t\t<\/div>\n\t<\/div>\n\n\t<div class=\"wpb_text_column wpb_content_element  vc_custom_1651673701652\" >\n\t\t<div class=\"wpb_wrapper\">\n\t\t\t<h2>Soluciones integrales en M\u00e1quinas Herramienta CNC<\/h2>\n\n\t\t<\/div>\n\t<\/div>\n<div class=\"vc_separator wpb_content_element vc_separator_align_center vc_sep_width_20 vc_sep_border_width_3 vc_sep_pos_align_left vc_separator_no_text  wpb_animate_when_almost_visible wpb_fadeInLeft fadeInLeft wpb_animate_when_almost_visible wpb_fadeInLeft fadeInLeft\" ><span class=\"vc_sep_holder vc_sep_holder_l\"><span  style=\"border-color:#002f87;\" class=\"vc_sep_line\"><\/span><\/span><span class=\"vc_sep_holder vc_sep_holder_r\"><span  style=\"border-color:#002f87;\" class=\"vc_sep_line\"><\/span><\/span>\n<\/div>\n\t<div class=\"wpb_text_column wpb_content_element \" >\n\t\t<div class=\"wpb_wrapper\">\n\t\t\t<p style=\"text-align: left;\">Aliados del mejor proveedor e integrador de <strong>M\u00e1quinas Herramienta CNC<\/strong>.<\/p>\n\n\t\t<\/div>\n\t<\/div>\n\n\t<div class=\"wpb_text_column wpb_content_element  vc_custom_1649271387048\" >\n\t\t<div class=\"wpb_wrapper\">\n\t\t\t<p style=\"text-align: left; font-size: 14px;\"><span style=\"color: #002f87;\"><a class=\"links-hemaq\" style=\"text-decoration: none !important; color: #002f87;\" href=\"https:\/\/www.hemaq.com\/es\/categoria\/tornos\/\">TORNOS<\/a><\/span> | <a class=\"links-hemaq\" style=\"text-decoration: none !important;\" href=\"https:\/\/www.hemaq.com\/es\/categoria\/centros-de-maquinado\/\"><span class=\"links-hemaq\" style=\"color: #002f87;\">CENTROS DE MAQUINADO<\/span><\/a> | <span style=\"color: #002f87;\"><a class=\"links-hemaq\" style=\"text-decoration: none !important; color: #002f87;\" href=\"https:\/\/www.hemaq.com\/es\/categoria\/rectificadoras\/\">RECTIFICADORAS<\/a><\/span> | <span style=\"color: #002f87;\"><a class=\"links-hemaq\" style=\"text-decoration: none !important; color: #002f87;\" href=\"https:\/\/www.hemaq.com\/es\/categoria\/maquinado-de-extruidos\/\">MAQUINADO DE EXTRU\u00cdDOS<\/a> <\/span>| <span style=\"color: #002f87;\"><a class=\"links-hemaq\" style=\"text-decoration: none !important; color: #002f87;\" href=\"https:\/\/www.hemaq.com\/es\/categoria\/barrenado-profundo\/\">BARRENADO PROFUNDO<\/a><\/span> | <span style=\"color: #002f87;\"><a class=\"links-hemaq\" style=\"text-decoration: none !important; color: #002f87;\" href=\"https:\/\/www.hemaq.com\/es\/categoria\/madrinadoras\/\">MANDRINADORAS<\/a><\/span><\/p>\n\n\t\t<\/div>\n\t<\/div>\n<div class=\"vc_empty_space\"   style=\"height: 32px\"><span class=\"vc_empty_space_inner\"><\/span><\/div><\/div><\/div><\/div><div class=\"wpb_column vc_column_container vc_col-sm-4 vc_col-has-fill\"><div class=\"vc_column-inner vc_custom_1648077390265\"><div class=\"wpb_wrapper\"><div class=\"vc_empty_space\"   style=\"height: 10px\"><span class=\"vc_empty_space_inner\"><\/span><\/div>\n\t<div  class=\"wpb_single_image wpb_content_element vc_align_center  vc_custom_1648057375223\">\n\t\t\n\t\t<figure class=\"wpb_wrapper vc_figure\">\n\t\t\t<a href=\"https:\/\/www.hemaq.com\/\" target=\"_blank\"  class=\"vc_single_image-wrapper   vc_box_border_grey rollover\" data-large_image_width=\"521\" data-large_image_height = \"324\"     ><img loading=\"lazy\" decoding=\"async\" width=\"300\" height=\"187\" src=\"https:\/\/www.periferiq.com\/wp-content\/uploads\/2022\/03\/Logo-HEMAQ-definitivo.png\" class=\"vc_single_image-img attachment-medium\" alt=\"HEMAQ - Powering the human factor\" title=\"HEMAQ - Powering the human factor\"  data-dt-location=\"https:\/\/www.periferiq.com\/es\/inicio\/logo-hemaq-definitivo\/\" \/><\/a>\n\t\t<\/figure>\n\t<\/div>\n<div class=\" vc_custom_1649277702645 ubtn-ctn-center \"><a class=\"ubtn-link ult-adjust-bottom-margin ubtn-center ubtn-block \" href=\"https:\/\/www.hemaq.com\/\" target=\"_blank\" rel=\"noopener\" ><button type=\"button\" id=\"ubtn-3380\"  class=\"ubtn ult-adjust-bottom-margin ult-responsive ubtn-block ubtn-left-bg  ulta-grow  ubtn-center   tooltip-69ff2ecc06167 ubtn-block\"  data-hover=\"#ffffff\" data-border-color=\"\" data-bg=\"#dddddd\" data-hover-bg=\"#1d3386\" data-border-hover=\"\" data-shadow-hover=\"\" data-shadow-click=\"none\" data-shadow=\"\" data-shd-shadow=\"\"  data-ultimate-target='#ubtn-3380'  data-responsive-json-new='{\"font-size\":\"desktop:16px;\",\"line-height\":\"desktop:22px;\"}'  style=\"font-weight:bold;border:none;background: #dddddd;color: #565656;\"><span class=\"ubtn-hover\" style=\"background-color:#1d3386\"><\/span><span class=\"ubtn-data ubtn-text \" >Visitar sitio web<\/span><\/button><\/a><\/div><div class=\"vc_empty_space\"   style=\"height: 10px\"><span class=\"vc_empty_space_inner\"><\/span><\/div><\/div><\/div><\/div><\/div><!-- Row Backgrounds --><div class=\"upb_color\" data-bg-override=\"ex-full\" data-bg-color=\"#efefef\" data-fadeout=\"\" data-fadeout-percentage=\"30\" data-parallax-content=\"\" data-parallax-content-sense=\"30\" data-row-effect-mobile-disable=\"true\" data-img-parallax-mobile-disable=\"true\" data-rtl=\"false\"  data-custom-vc-row=\"\"  data-vc=\"6.8.0\"  data-is_old_vc=\"\"  data-theme-support=\"\"   data-overlay=\"false\" data-overlay-color=\"\" data-overlay-pattern=\"\" data-overlay-pattern-opacity=\"\" data-overlay-pattern-size=\"\"    ><\/div><div data-vc-full-width=\"true\" data-vc-full-width-init=\"false\" class=\"vc_row wpb_row vc_row-fluid vc_column-gap-35 vc_row-o-equal-height vc_row-o-content-middle vc_row-flex\"><div class=\"wpb_column vc_column_container vc_col-sm-12 vc_col-has-fill\"><div class=\"vc_column-inner vc_custom_1648077441377\"><div class=\"wpb_wrapper\"><div class=\"vc_empty_space\"   style=\"height: 20px\"><span class=\"vc_empty_space_inner\"><\/span><\/div><div class=\"vc_row wpb_row vc_inner vc_row-fluid vc_row-o-equal-height vc_row-o-content-middle vc_row-flex\"><div class=\"wpb_column vc_column_container vc_col-sm-2\/5\"><div class=\"vc_column-inner\"><div class=\"wpb_wrapper\">\n\t<div class=\"wpb_text_column wpb_content_element  vc_custom_1651673689429\" >\n\t\t<div class=\"wpb_wrapper\">\n\t\t\t<h2><span style=\"color: #f7f7f7;\">Suscr\u00edbete a nuestro<\/span><br \/>\n<span style=\"color: #f7f7f7;\">newsletter<\/span><\/h2>\n\n\t\t<\/div>\n\t<\/div>\n<div class=\"vc_separator wpb_content_element vc_separator_align_center vc_sep_width_20 vc_sep_border_width_3 vc_sep_pos_align_left vc_separator_no_text  wpb_animate_when_almost_visible wpb_fadeInLeft fadeInLeft wpb_animate_when_almost_visible wpb_fadeInLeft fadeInLeft\" ><span class=\"vc_sep_holder vc_sep_holder_l\"><span  style=\"border-color:#87efdb;\" class=\"vc_sep_line\"><\/span><\/span><span class=\"vc_sep_holder vc_sep_holder_r\"><span  style=\"border-color:#87efdb;\" class=\"vc_sep_line\"><\/span><\/span>\n<\/div>\n\t<div class=\"wpb_text_column wpb_content_element \" >\n\t\t<div class=\"wpb_wrapper\">\n\t\t\t<p style=\"text-align: left;\"><span style=\"color: #f7f7f7;\">Actualizaciones, tips, noticias y m\u00e1s.<\/span><\/p>\n\n\t\t<\/div>\n\t<\/div>\n<\/div><\/div><\/div><div class=\"wpb_column vc_column_container vc_col-sm-3\/5\"><div class=\"vc_column-inner\"><div class=\"wpb_wrapper\">\n<div class=\"wpcf7 no-js\" id=\"wpcf7-f5-o1\" lang=\"es-MX\" dir=\"ltr\">\n<div class=\"screen-reader-response\"><p role=\"status\" aria-live=\"polite\" aria-atomic=\"true\"><\/p> <ul><\/ul><\/div>\n<form action=\"\/es\/wp-json\/wp\/v2\/pages\/1641#wpcf7-f5-o1\" method=\"post\" class=\"wpcf7-form init\" aria-label=\"Formulario de contacto\" novalidate=\"novalidate\" data-status=\"init\">\n<div style=\"display: none;\">\n<input type=\"hidden\" name=\"_wpcf7\" value=\"5\" \/>\n<input type=\"hidden\" name=\"_wpcf7_version\" value=\"5.9.8\" \/>\n<input type=\"hidden\" name=\"_wpcf7_locale\" value=\"es_MX\" \/>\n<input type=\"hidden\" name=\"_wpcf7_unit_tag\" value=\"wpcf7-f5-o1\" \/>\n<input type=\"hidden\" name=\"_wpcf7_container_post\" value=\"0\" \/>\n<input type=\"hidden\" name=\"_wpcf7_posted_data_hash\" value=\"\" \/>\n<input type=\"hidden\" name=\"_wpcf7_recaptcha_response\" value=\"\" \/>\n<\/div>\n<div class=\"vc_col-sm-6\">\n\t<p><span class=\"wpcf7-form-control-wrap\" data-name=\"your-name\"><input size=\"40\" maxlength=\"400\" class=\"wpcf7-form-control wpcf7-text wpcf7-validates-as-required\" aria-required=\"true\" aria-invalid=\"false\" placeholder=\"Nombre*\" value=\"\" type=\"text\" name=\"your-name\" \/><\/span>\n\t<\/p>\n<\/div>\n<div class=\"vc_col-sm-6\">\n\t<p><span class=\"wpcf7-form-control-wrap\" data-name=\"your-email\"><input size=\"40\" maxlength=\"400\" class=\"wpcf7-form-control wpcf7-email wpcf7-validates-as-required wpcf7-text wpcf7-validates-as-email\" aria-required=\"true\" aria-invalid=\"false\" placeholder=\"E-mail*\" value=\"\" type=\"email\" name=\"your-email\" \/><\/span>\n\t<\/p>\n<\/div>\n<div class=\"vc_col-sm-12\">\n\t<p><span class=\"wpcf7-form-control-wrap\" data-name=\"acceptance-933\"><span class=\"wpcf7-form-control wpcf7-acceptance\"><span class=\"wpcf7-list-item\"><label><input type=\"checkbox\" name=\"acceptance-933\" value=\"1\" aria-invalid=\"false\" \/><span class=\"wpcf7-list-item-label\">He le\u00eddo y acepto los <a href=\"https:\/\/www.periferiq.com\/aviso-de-privacidad\/\" target=\"_blank\" rel=\"noopener\">T\u00e9rminos y Condiciones<\/a><\/span><\/label><\/span><\/span><\/span>\n\t<\/p>\n<\/div>\n<div class=\"vc_col-sm-12\">\n<div class=\"wpcf7-response-output\" aria-hidden=\"true\"><\/div>\n<\/div>\n<span class=\"wpcf7-form-control-wrap recaptcha\" data-name=\"recaptcha\"><span data-sitekey=\"6Lev_KYpAAAAABYzOBrjWmO0eAyT7_G7KkuUUvcP\" class=\"wpcf7-form-control wpcf7-recaptcha g-recaptcha\"><\/span>\r\n<noscript>\r\n\t<div class=\"grecaptcha-noscript\">\r\n\t\t<iframe loading=\"lazy\" src=\"https:\/\/www.google.com\/recaptcha\/api\/fallback?k=6Lev_KYpAAAAABYzOBrjWmO0eAyT7_G7KkuUUvcP\" frameborder=\"0\" scrolling=\"no\" width=\"310\" height=\"430\">\r\n\t\t<\/iframe>\r\n\t\t<textarea name=\"g-recaptcha-response\" rows=\"3\" cols=\"40\" placeholder=\"Aqu\u00ed la respuesta de reCAPTCHA\">\r\n\t\t<\/textarea>\r\n\t<\/div>\r\n<\/noscript>\r\n<\/span>\n<div class=\"vc_col-sm-12\" id=\"moverbotonsuscribete\">\n\t<p><input class=\"wpcf7-form-control wpcf7-submit has-spinner\" type=\"submit\" value=\"Quiero suscribirme\" \/>\n\t<\/p>\n<\/div><input type='hidden' class='wpcf7-pum' value='{\"closepopup\":false,\"closedelay\":0,\"openpopup\":false,\"openpopup_id\":0}' \/>\n<\/form>\n<\/div>\n<\/div><\/div><\/div><\/div><div class=\"vc_empty_space\"   style=\"height: 20px\"><span class=\"vc_empty_space_inner\"><\/span><\/div><\/div><\/div><\/div><\/div><div class=\"vc_row-full-width vc_clearfix\"><\/div><!-- Row Backgrounds --><div class=\"upb_bg_img\" data-ultimate-bg=\"url(https:\/\/www.periferiq.com\/wp-content\/uploads\/2022\/05\/Banner-suscri\u0301bete-min.jpeg)\" data-image-id=\"id^911|url^http:\/\/www.periferiq.com\/wp-content\/uploads\/2022\/05\/Banner-suscri\u0301bete-min.jpeg|caption^null|alt^null|title^Banner-suscri\u0301bete-min|description^null\" data-ultimate-bg-style=\"vcpb-default\" data-bg-img-repeat=\"repeat\" data-bg-img-size=\"cover\" data-bg-img-position=\"\" data-parallx_sense=\"30\" data-bg-override=\"ex-full\" data-bg_img_attach=\"fixed\" data-upb-overlay-color=\"\" data-upb-bg-animation=\"\" data-fadeout=\"\" data-bg-animation=\"left-animation\" data-bg-animation-type=\"h\" data-animation-repeat=\"repeat\" data-fadeout-percentage=\"30\" data-parallax-content=\"\" data-parallax-content-sense=\"30\" data-row-effect-mobile-disable=\"true\" data-img-parallax-mobile-disable=\"true\" data-rtl=\"false\"  data-custom-vc-row=\"\"  data-vc=\"6.8.0\"  data-is_old_vc=\"\"  data-theme-support=\"\"   data-overlay=\"false\" data-overlay-color=\"\" data-overlay-pattern=\"\" data-overlay-pattern-opacity=\"\" data-overlay-pattern-size=\"\"    ><\/div>\n","protected":false},"excerpt":{"rendered":"<p>SMART GREEN SOLUTIONS Innovaci\u00f3n y Sostenibilidad en Maquinaria CNC Green Solutions es nuestra nueva l\u00ednea ecol\u00f3gica de perif\u00e9ricos dise\u00f1ada espec\u00edficamente para maquinaria CNC. Esta l\u00ednea forma parte de la prestigiosa marca PERIFERIQ by HEMAQ, conocida por su compromiso con la innovaci\u00f3n y la excelencia operativa. Compromiso con el Medio Ambiente En PERIFERIQ by HEMAQ, tenemos&hellip;<\/p>\n","protected":false},"author":1,"featured_media":0,"parent":0,"menu_order":0,"comment_status":"closed","ping_status":"closed","template":"","meta":{"_joinchat":[],"footnotes":""},"class_list":["post-1641","page","type-page","status-publish","hentry","description-off"],"aioseo_notices":[],"_links":{"self":[{"href":"https:\/\/www.periferiq.com\/es\/wp-json\/wp\/v2\/pages\/1641","targetHints":{"allow":["GET"]}}],"collection":[{"href":"https:\/\/www.periferiq.com\/es\/wp-json\/wp\/v2\/pages"}],"about":[{"href":"https:\/\/www.periferiq.com\/es\/wp-json\/wp\/v2\/types\/page"}],"author":[{"embeddable":true,"href":"https:\/\/www.periferiq.com\/es\/wp-json\/wp\/v2\/users\/1"}],"replies":[{"embeddable":true,"href":"https:\/\/www.periferiq.com\/es\/wp-json\/wp\/v2\/comments?post=1641"}],"version-history":[{"count":13,"href":"https:\/\/www.periferiq.com\/es\/wp-json\/wp\/v2\/pages\/1641\/revisions"}],"predecessor-version":[{"id":1657,"href":"https:\/\/www.periferiq.com\/es\/wp-json\/wp\/v2\/pages\/1641\/revisions\/1657"}],"wp:attachment":[{"href":"https:\/\/www.periferiq.com\/es\/wp-json\/wp\/v2\/media?parent=1641"}],"curies":[{"name":"wp","href":"https:\/\/api.w.org\/{rel}","templated":true}]}}