{"id":874,"date":"2022-05-03T21:30:33","date_gmt":"2022-05-03T21:30:33","guid":{"rendered":"http:\/\/www.periferiq.com\/?page_id=874"},"modified":"2022-05-03T21:34:36","modified_gmt":"2022-05-03T21:34:36","slug":"aviso-de-privacidad","status":"publish","type":"page","link":"https:\/\/www.periferiq.com\/es\/aviso-de-privacidad\/","title":{"rendered":"Aviso de privacidad"},"content":{"rendered":"<div class=\"vc_row wpb_row vc_row-fluid dt-default\" style=\"margin-top: 0px;margin-bottom: 0px\"><div class=\"wpb_column vc_column_container vc_col-sm-12\"><div class=\"vc_column-inner\"><div class=\"wpb_wrapper\">\n\t<div class=\"wpb_text_column wpb_content_element \" >\n\t\t<div class=\"wpb_wrapper\">\n\t\t\t<p><strong>DECLARACI\u00d3N DE PROTECCI\u00d3N DE DATOS<\/strong><\/p>\n<p><strong>ASPECTOS FUNDAMENTALES SOBRE LA PROTECCI\u00d3N DE DATOS<\/strong><\/p>\n<p><strong>Informaci\u00f3n general<\/strong><br \/>\nLa siguiente informaci\u00f3n se ha concebido como un sencillo resumen de lo que sucede con sus datos personales al visitar nuestro sitio web. Por datos personales se entienden todos aquellos datos que permiten identificarlo a usted como persona. Encontrar\u00e1 informaci\u00f3n m\u00e1s detallada sobre el tema de la protecci\u00f3n de datos en nuestra declaraci\u00f3n de protecci\u00f3n de datos, que podr\u00e1 encontrar bajo este texto.<\/p>\n<p>Recopilaci\u00f3n de datos en nuestro sitio web<br \/>\n<strong>\u00bfQui\u00e9n es el responsable de la recopilaci\u00f3n de datos en este sitio web?<\/strong><br \/>\nDel tratamiento de los datos en nuestro sitio web se encarga el administrador del propio sitio. Sus datos de contacto se encuentran disponibles en el aviso legal del sitio web.<\/p>\n<p><strong>\u00bfC\u00f3mo recopilamos sus datos?<\/strong><br \/>\nPor un lado, usted mismo nos proporciona algunos de ellos. En este sentido hablamos, por ejemplo, de los datos que introduce en el formulario de contacto. Otros datos los recopilan nuestros sistemas inform\u00e1ticos autom\u00e1ticamente durante la visita a nuestro sitio web. En este caso hablamos, principalmente, de datos t\u00e9cnicos, como el navegador que usa para navegar por internet, su sistema operativo o la hora de acceso al sitio web. La recopilaci\u00f3n de esos datos se realiza de forma autom\u00e1tica en el momento en que accede a nuestro sitio web.<\/p>\n<p><strong>\u00bfPara qu\u00e9 utilizamos sus datos?<\/strong><br \/>\nUna parte de los datos se recopila para garantizarle la disponibilidad del sitio web sin errores de por medio. Otros datos pueden emplearse para analizar el comportamiento del usuario.<\/p>\n<p><strong>\u00bfDe qu\u00e9 derechos dispone en lo que respecta a sus datos?<\/strong><br \/>\nTiene derecho a solicitar informaci\u00f3n gratuitamente en cualquier momento acerca del origen, los destinatarios y el fin de los datos personales que tenemos guardados sobre usted. Asimismo, dispone del derecho a exigir la rectificaci\u00f3n, el bloqueo o la eliminaci\u00f3n de esos datos. A este respecto y en lo relativo a cualquier otra pregunta sobre el tema de la protecci\u00f3n de datos, puede ponerse en contacto con nosotros en cualquier momento a trav\u00e9s de la direcci\u00f3n indicada en el aviso legal. Por lo dem\u00e1s, le corresponde tambi\u00e9n un derecho de reclamaci\u00f3n ante la autoridad de supervisi\u00f3n correspondiente.<\/p>\n<p><strong>Herramientas de an\u00e1lisis y de terceros<\/strong><br \/>\nAl visitar nuestro sitio web, su comportamiento durante la navegaci\u00f3n puede estar sujeto a un an\u00e1lisis estad\u00edstico. Este se efect\u00faa principalmente mediante cookies y los denominados programas de an\u00e1lisis. Los an\u00e1lisis de su comportamiento durante la navegaci\u00f3n se realizan, por lo general, en condiciones de anonimato, de forma que este no pueda asociarse a su persona. Puede oponerse a dicho an\u00e1lisis o evitarlo si renuncia a utilizar determinadas herramientas. Encontrar\u00e1 detalles al respecto en nuestra declaraci\u00f3n de protecci\u00f3n de datos, en el apartado \u00abM\u00f3dulos de terceros y herramientas de an\u00e1lisis\u00bb. Puede oponerse, asimismo, a la realizaci\u00f3n de esos an\u00e1lisis. Le informaremos acerca de las posibilidades que tiene para expresar ese rechazo en la propia declaraci\u00f3n de protecci\u00f3n de datos.<\/p>\n<p><strong>INFORMACI\u00d3N GENERAL Y DATOS OBLIGATORIOS<\/strong><\/p>\n<p><strong>Protecci\u00f3n de datos<\/strong><br \/>\nPara los administradores del presente sitio, la protecci\u00f3n de sus datos personales es de suma importancia. Tratamos sus datos personales con la m\u00e1xima confidencialidad y de acuerdo con las disposiciones en materia de protecci\u00f3n de datos que establece la ley, as\u00ed como de conformidad con la presente declaraci\u00f3n de protecci\u00f3n de datos. Al navegar por este sitio web, se recopilan distintos datos personales. Por datos personales se entienden aquellos datos que permiten identificarlo a usted como persona. La presente declaraci\u00f3n de protecci\u00f3n de datos explica qu\u00e9 datos recopilamos y para qu\u00e9 los utilizamos. Asimismo, tambi\u00e9n describe c\u00f3mo lo hacemos y para qu\u00e9 fines. Le advertimos de que la transmisi\u00f3n de datos a trav\u00e9s de internet (p. ej., mediante correo electr\u00f3nico) puede presentar lagunas en la seguridad. No es posible garantizar una protecci\u00f3n total de esos datos contra el acceso a estos por parte de terceros.<\/p>\n<p><strong>Declaraci\u00f3n de entidad responsable<\/strong><br \/>\nLa entidad responsable del tratamiento de datos en este sitio web es:<\/p>\n<p>&nbsp;<\/p>\n<p><strong>HEMAQ, S.A. DE C.V.<\/strong><br \/>\nJ. Cant\u00fa Garc\u00eda 601, Col. Garza Cant\u00fa<\/p>\n<p>San Nicol\u00e1s de los Garza, N.L. 66480<\/p>\n<p>M\u00c9XICO<\/p>\n<p>Tel. +52 (81) 8131-3199<\/p>\n<p>Correo electr\u00f3nico:\u202f<a href=\"mailto:info@hemaq.com\">info@hemaq.com<\/a><\/p>\n<p>&nbsp;<\/p>\n<p>La entidad responsable del tratamiento de los datos es la persona f\u00edsica o jur\u00eddica que, en solitario o junto con otras entidades responsables, decide acerca de los fines y los medios utilizados para el tratamiento de los datos personales (p. ej., los nombres, las direcciones de correo electr\u00f3nico, etc.).<\/p>\n<p>Revocaci\u00f3n de su consentimiento al procesamiento de los datos<br \/>\nMuchos procesos relativos al tratamiento de sus datos son posibles \u00fanicamente con su consentimiento expreso. Los consentimientos expresados pueden revocarse en cualquier momento. Para ello, basta con que nos lo notifique mediante escrito informal por correo electr\u00f3nico. La legitimidad del tratamiento de los datos realizado hasta la revocaci\u00f3n del consentimiento no se ver\u00e1 afectada por esta.<\/p>\n<p>Derecho de reclamaci\u00f3n ante la autoridad de supervisi\u00f3n correspondiente<br \/>\nEn caso de infracci\u00f3n de las disposiciones relativas a la protecci\u00f3n de datos, al afectado le corresponde un derecho de reclamaci\u00f3n ante la autoridad de supervisi\u00f3n correspondiente. La autoridad de supervisi\u00f3n correspondiente para cuestiones relativas a la protecci\u00f3n de datos es el responsable regional del estado federado en el que se sit\u00faa la sede de nuestra empresa.<\/p>\n<p>Link:\u00a0<a href=\"http:\/\/inicio.ifai.org.mx\/SitePages\/ifai.aspx\">http:\/\/inicio.ifai.org.mx\/SitePages\/ifai.aspx<\/a><\/p>\n<p>&nbsp;<\/p>\n<p><strong>Derecho a la portabilidad de los datos<\/strong><br \/>\nUsted tiene derecho a solicitar la entrega de los datos que tratemos de forma automatizada en virtud de su consentimiento o en cumplimiento de un contrato, a usted mismo o a un tercero en un formato est\u00e1ndar que sea legible electr\u00f3nicamente. En caso de que solicite la transferencia directa de esos datos a otro responsable, esta se realizar\u00e1 \u00fanicamente siempre que sea posible desde un punto de vista t\u00e9cnico.<\/p>\n<p><strong>RECOPILACI\u00d3N DE DATOS EN NUESTRO SITIO WEB<\/strong><\/p>\n<p><strong>Cookies<\/strong><br \/>\nLos sitios web presentes en internet incluyen determinados archivos denominados cookies. Las cookies no provocan da\u00f1o alguno en su ordenador ni contienen virus. Esas cookies sirven para presentarle nuestros productos de forma m\u00e1s intuitiva, eficaz y segura. Las cookies son peque\u00f1os archivos de texto que se depositan en su ordenador y quedan almacenados en el navegador. La mayor\u00eda de las cookies que utilizamos son del tipo denominado \u00abcookies de sesi\u00f3n\u00bb. Se borran autom\u00e1ticamente al finalizar su visita al sitio web. Otras cookies se quedan almacenadas en su terminal hasta que usted las elimina. Estas nos permiten identificar su navegador en su pr\u00f3xima visita. Puede configurar su navegador para que le informe cada vez que se almacenan cookies y para permitirlas \u00fanicamente en casos aislados, aceptarlas en casos determinados o rechazarlas de forma generalizada. Asimismo, puede activar la eliminaci\u00f3n autom\u00e1tica de las cookies al cerrar el navegador. Si desactiva las cookies, puede que la funcionalidad del sitio web se vea afectada. Las cookies necesarias para el desarrollo de los procesos de comunicaci\u00f3n electr\u00f3nica o la puesta a disposici\u00f3n de determinadas funciones que usted solicite. El administrador del sitio web tiene un inter\u00e9s justificado en el almacenamiento de cookies, en aras de una puesta a disposici\u00f3n de sus servicios optimizada y sin errores t\u00e9cnicos. En caso de que se almacenen otras cookies (p. ej. cookies para el an\u00e1lisis de su comportamiento durante la navegaci\u00f3n), estas se tratar\u00e1n en esta declaraci\u00f3n de protecci\u00f3n de datos por separado.<\/p>\n<p><strong>Archivos de registro del servidor<\/strong><br \/>\nEl administrador del sitio recopila y almacena autom\u00e1ticamente informaci\u00f3n en los llamados archivos de registro del servidor que su navegador nos transmite de forma autom\u00e1tica. En ella se incluyen:<\/p>\n<ul>\n<li>El tipo de navegador y la versi\u00f3n<\/li>\n<li>El sistema operativo utilizado<\/li>\n<li>La direcci\u00f3n URL de referencia<\/li>\n<li>El nombre de host del ordenador de acceso<\/li>\n<li>La hora de la solicitud al servidor<\/li>\n<li>La direcci\u00f3n IP<\/li>\n<\/ul>\n<p>Esta informaci\u00f3n no se asocia a ning\u00fan dato proveniente de otras fuentes. La base jur\u00eddica para el tratamiento de estos datos es el art\u00edculo 6, p\u00e1rrafo 1, letra b del Reglamento General sobre Protecci\u00f3n de Datos alem\u00e1n, en virtud del cual se permite el tratamiento de datos para fines de cumplimiento de un contrato o de medidas precontractuales.<\/p>\n<p><strong>Formulario de contacto<\/strong><br \/>\nCuando nos env\u00eda una consulta a trav\u00e9s del formulario de contacto, almacenamos los datos que nos transmite, incluidos los de contacto, con el fin de procesar la solicitud y responder a posibles preguntas ulteriores. No revelamos esos datos a terceros sin su consentimiento. Los datos que introduce en el formulario de contacto permanecer\u00e1n en nuestro haber hasta que usted nos solicite su eliminaci\u00f3n o revoque el consentimiento para su almacenamiento, o hasta que dejen de ser aplicables los fines de dicho almacenamiento (p. ej., una vez que se haya procesado por completo su solicitud). Las disposiciones obligatorias establecidas por ley (en especial en lo que respecta a los plazos de conservaci\u00f3n) permanecen inalteradas.<\/p>\n<p><strong>HERRAMIENTAS DE AN\u00c1LISIS Y PUBLICIDAD<\/strong><\/p>\n<p><strong>Google Analytics<\/strong><br \/>\nEste sitio web integra funciones del servicio de an\u00e1lisis web Google Analytics. Su proveedor es Google Inc., 1600 Amphitheatre Parkway, Mountain View, CA 94043, EE. UU. El uso incluye el modo de operaci\u00f3n \u201cUniversal Analytics\u201d. Esto permite asignar datos, sesiones e interacciones a trav\u00e9s de m\u00faltiples dispositivos a una identificaci\u00f3n de usuario pseud\u00f3nimo, analizando as\u00ed las actividades de un usuario a trav\u00e9s de los dispositivos. Google Analytics utiliza las llamadas \u00abcookies\u00bb. Las cookies son archivos de texto que se almacenan en su ordenador y permiten un an\u00e1lisis del uso que hace del sitio web. La informaci\u00f3n generada por las cookies sobre su uso del sitio web se transmite, por lo general, a un servidor de Google ubicado en EE. UU. y se almacena all\u00ed. El guardado de las cookies de Google Analytics se lleva a cabo en virtud del art\u00edculo 6, p\u00e1rrafo 1, letra f del Reglamento General sobre Protecci\u00f3n de Datos alem\u00e1n. El administrador del sitio web tiene un inter\u00e9s justificado en el an\u00e1lisis del comportamiento del usuario en aras de una optimizaci\u00f3n tanto de su oferta web como de su publicidad.\u202fLos datos enviados por nosotros y vinculados a cookies, ID de usuario o ID de publicidad se eliminar\u00e1n autom\u00e1ticamente despu\u00e9s de 14 meses.<\/p>\n<p><strong>Complemento para el navegador<\/strong><br \/>\nPuede configurar su navegador de tal manera que rechace el almacenamiento de cookies; le advertimos, no obstante, que en ese caso podr\u00eda no tener un acceso \u00edntegro a todas las funciones del sitio web. Asimismo, puede evitar la recopilaci\u00f3n de los datos relacionados con el uso que hace del sitio web por parte de las cookies (incluida su direcci\u00f3n IP), su env\u00edo a Google y su tratamiento por parte de este si descarga e instala el complemento para navegador que hay disponible en el siguiente enlace:\u202f<a href=\"https:\/\/tools.google.com\/dlpage\/gaoptout?hl=es\">https:\/\/tools.google.com\/dlpage\/gaoptout?hl=es<\/a>.<\/p>\n<p><strong>Oposici\u00f3n a la recopilaci\u00f3n de datos<\/strong><br \/>\nPuede evitar la recopilaci\u00f3n de sus datos por parte de Google Analytics haciendo clic en el siguiente enlace. En ese caso, se instalar\u00e1 una cookie de autoexclusi\u00f3n que evitar\u00e1 la recopilaci\u00f3n de sus datos en sus futuras visitas a este sitio web.<\/p>\n<p><strong>Desactivar Google Analytics<\/strong><\/p>\n<p>Encontrar\u00e1 m\u00e1s informaci\u00f3n sobre el tratamiento de los datos del usuario por parte de Google Analytics en la declaraci\u00f3n de protecci\u00f3n de datos de Google:\u202f<a href=\"https:\/\/support.google.com\/analytics\/answer\/6004245?hl=es\">https:\/\/support.google.com\/analytics\/answer\/6004245?hl=es<\/a>.<\/p>\n<p><strong>COMPLEMENTOS Y HERRAMIENTAS<\/strong><\/p>\n<p><strong>YouTube con privacidad mejorada<\/strong><br \/>\nNuestra p\u00e1gina web utiliza plug-ins de la p\u00e1gina de YouTube operada por Google. El administrador de las p\u00e1ginas es YouTube, LLC, 901 Cherry Ave., San Bruno, CA 94066, EE. UU.\u202fUsamos YouTube en el modo de privacidad mejorada. Seg\u00fan YouTube, este modo significa que YouTube no almacena informaci\u00f3n sobre los visitantes de este sitio antes de ver el video. Sin embargo, compartir datos con socios de YouTube no est\u00e1 necesariamente excluido por el modo de privacidad mejorada.<\/p>\n<p>Una vez que inicie un video de YouTube en nuestro sitio web, se establecer\u00e1 una conexi\u00f3n con los servidores de YouTube. En ella se informar\u00e1 al servidor de YouTube acerca de cu\u00e1les de nuestras p\u00e1ginas ha visitado.\u202fSi est\u00e1 conectado a su cuenta de YouTube, permitir\u00e1 a YouTube asociar sus conductas de navegaci\u00f3n directamente con su perfil personal. Puede evitar esto desconect\u00e1ndose de su cuenta de YouTube.\u202fAdem\u00e1s, despu\u00e9s de iniciar un video, YouTube puede almacenar varias cookies en su dispositivo. Con la ayuda de estas cookies, YouTube puede recibir informaci\u00f3n sobre los visitantes de nuestro sitio web. Esta informaci\u00f3n ser\u00e1 utilizada para capturar estad\u00edsticas de video, mejorar la usabilidad y prevenir el fraude. Las cookies permanecen en su dispositivo hasta que las elimine.\u202fDespu\u00e9s del lanzamiento de un video de YouTube, se pueden activar operaciones adicionales de procesamiento de datos sobre las que no tenemos control.<\/p>\n<p>Para obtener m\u00e1s informaci\u00f3n sobre la privacidad en YouTube, consulte su pol\u00edtica de privacidad en:\u202f<a href=\"https:\/\/policies.google.com\/privacy?hl=es&amp;gl=de\">https:\/\/policies.google.com\/privacy?hl=es&amp;gl=de<\/a>.<\/p>\n<p>&nbsp;<\/p>\n<p><strong>Bolet\u00edn informativo<\/strong><br \/>\nEste sitio web utiliza para la suscripci\u00f3n al bolet\u00edn un widget de la empresa Mailchimp, The Rocket Science Group, LLC, 675 Ponce de Leon Ave NE,<\/p>\n<p>Suite 5000, Atlanta, GA 30308 USA. Al utilizar el registro del bolet\u00edn en nuestro sitio web, su direcci\u00f3n IP y su solicitud se transmitir\u00e1n a un servidor de Mailchimp y se procesar\u00e1n posteriormente. El proveedor de este sitio no tiene influencia en esta transferencia de datos. La pol\u00edtica de protecci\u00f3n de datos de Mailchimp se aplica al procesamiento de sus datos:\u202f<a href=\"https:\/\/mailchimp.com\/legal\/\">https:\/\/mailchimp.com\/legal\/<\/a>. Si no desea esta transmisi\u00f3n de datos, pres\u00e9ntese sin la suscripci\u00f3n al bolet\u00edn. La provisi\u00f3n y el uso del registro del bolet\u00edn de Mailchimp est\u00e1 en el inter\u00e9s de una buena accesibilidad y una comunicaci\u00f3n f\u00e1cil de nuestras ofertas en l\u00ednea.<\/p>\n<p><strong>Protecci\u00f3n en uso de datos con terceros<br \/>\n<\/strong>PERIFERIQ comparte datos con terceros, siendo HEMAQ quien les reciba.<\/p>\n<p>Cuando PERIFERIQ comparta sus datos personales con terceros se asegurar\u00e1 que dichos terceros tomen las medidas necesarias para proteger la confidencialidad y seguridad de sus datos personales.<\/p>\n<p>Su informaci\u00f3n o datos personales no ser\u00e1n compartidos con terceros ajenos a PERIFERIQ &#8211; HEMAQ o sus subsidiarias, filiales o distribuidores autorizados.<\/p>\n<p>PERIFERIQ no intercambia, vende, cede o transfiere datos personales a empresas ajenas sin su consentimiento previo.<\/p>\n\n\t\t<\/div>\n\t<\/div>\n<\/div><\/div><\/div><\/div>\n","protected":false},"excerpt":{"rendered":"<p>DECLARACI\u00d3N DE PROTECCI\u00d3N DE DATOS ASPECTOS FUNDAMENTALES SOBRE LA PROTECCI\u00d3N DE DATOS Informaci\u00f3n general La siguiente informaci\u00f3n se ha concebido como un sencillo resumen de lo que sucede con sus datos personales al visitar nuestro sitio web. Por datos personales se entienden todos aquellos datos que permiten identificarlo a usted como persona. Encontrar\u00e1 informaci\u00f3n m\u00e1s&hellip;<\/p>\n","protected":false},"author":1,"featured_media":0,"parent":0,"menu_order":0,"comment_status":"closed","ping_status":"closed","template":"","meta":{"_joinchat":[],"footnotes":""},"class_list":["post-874","page","type-page","status-publish","hentry","description-off"],"aioseo_notices":[],"_links":{"self":[{"href":"https:\/\/www.periferiq.com\/es\/wp-json\/wp\/v2\/pages\/874","targetHints":{"allow":["GET"]}}],"collection":[{"href":"https:\/\/www.periferiq.com\/es\/wp-json\/wp\/v2\/pages"}],"about":[{"href":"https:\/\/www.periferiq.com\/es\/wp-json\/wp\/v2\/types\/page"}],"author":[{"embeddable":true,"href":"https:\/\/www.periferiq.com\/es\/wp-json\/wp\/v2\/users\/1"}],"replies":[{"embeddable":true,"href":"https:\/\/www.periferiq.com\/es\/wp-json\/wp\/v2\/comments?post=874"}],"version-history":[{"count":1,"href":"https:\/\/www.periferiq.com\/es\/wp-json\/wp\/v2\/pages\/874\/revisions"}],"predecessor-version":[{"id":875,"href":"https:\/\/www.periferiq.com\/es\/wp-json\/wp\/v2\/pages\/874\/revisions\/875"}],"wp:attachment":[{"href":"https:\/\/www.periferiq.com\/es\/wp-json\/wp\/v2\/media?parent=874"}],"curies":[{"name":"wp","href":"https:\/\/api.w.org\/{rel}","templated":true}]}}